{"id":4881,"date":"2022-09-23T18:50:00","date_gmt":"2022-09-23T10:50:00","guid":{"rendered":"https:\/\/key2optics.com\/?post_type=product&#038;p=4881"},"modified":"2025-09-15T10:24:26","modified_gmt":"2025-09-15T02:24:26","slug":"10g-sfp-aoc","status":"publish","type":"product","link":"https:\/\/key2optics.com\/fr\/produit\/10g-sfp-aoc\/","title":{"rendered":"10G SFP+ AOC"},"content":{"rendered":"<p>Key2 Optics AOC (c\u00e2ble optique actif, Wiki\u00a0: <a href=\"https:\/\/key2optics.com\/fr\/quest-ce-quun-cable-aoc\/\" target=\"_blank\" rel=\"noopener\">Qu&#039;est-ce qu&#039;un c\u00e2ble AOC\u00a0?)<\/a> produit 10GbE SFP+ (<a href=\"https:\/\/en.wikipedia.org\/wiki\/Small_Form-factor_Pluggable#10_Gbit\/s_SFP+\" target=\"_blank\" rel=\"noopener\">Wiki\u00a0: Qu&#039;est-ce que SFP+\u00a0?<\/a>) AOC a une faible consommation d&#039;\u00e9nergie, un petit rayon de courbure, aucune perte d&#039;insertion de fibre et une introduction sans poussi\u00e8re, nous recommandons fortement un centre de donn\u00e9es haute densit\u00e9 avec un budget \u00e0 faible co\u00fbt.<\/p>\n<p>Cat\u00e9gorie : C\u00e2ble AOC 10G 1xSFP+ \u00e0 1xSFP+ | c\u00e2ble aoc 10g sfp | c\u00e2ble fibre sfp<\/p>\n<p><strong>Caract\u00e9ristiques<br \/>\n<\/strong><\/p>\n<ul>\n<li>D\u00e9bit binaire jusqu&#039;\u00e0 10 Gbps<\/li>\n<li>Faible consommation d&#039;\u00e9nergie\u00a0: &lt;0,3\u00a0W<\/li>\n<li>Bo\u00eetier SFP+ avec blindage EMI am\u00e9lior\u00e9<\/li>\n<li>Prise en charge de 1 \u00e0 1000 m par c\u00e2ble optique actif avec fibre OM2\/OM3<\/li>\n<li>Applicable \u00e0 l&#039;Ethernet 10G<\/li>\n<li>E\/S haute capacit\u00e9 avec interface SFP+<\/li>\n<li>Centre de donn\u00e9es et connexion en rack<\/li>\n<\/ul>\n<p><iframe loading=\"lazy\" title=\"C\u00e2ble fibre 10G SFP+ C\u00e2ble optique actif Twinax Total OTN Solutions\" width=\"1140\" height=\"641\" src=\"https:\/\/www.youtube.com\/embed\/thTkSxfXTIQ?feature=oembed\" frameborder=\"0\" allow=\"accelerometer; autoplay; clipboard-write; encrypted-media; gyroscope; picture-in-picture\" allowfullscreen><\/iframe><\/p>\n<p>Veuillez t\u00e9l\u00e9charger la sp\u00e9cification \u00e0 partir du <a href=\"https:\/\/key2optics.com\/fr\/telecharger\/\" target=\"_blank\" rel=\"noopener\">lien<\/a><\/p>\n<div id=\"WidgetFloaterPanels\" class=\"LTRStyle\" style=\"display: none; text-align: left; direction: ltr; visibility: hidden;\" translate=\"no\">\n<div id=\"WidgetFloater\" style=\"display: none;\">\n<div id=\"WidgetLogoPanel\"><span id=\"WidgetTranslateWithSpan\">TRADUIRE avec <img id=\"FloaterLogo\" \/><\/span> <span id=\"WidgetCloseButton\" title=\"Traduction de sortie\">X<\/span><\/div>\n<div id=\"LanguageMenuPanel\">\n<div class=\"DDStyle_outer\">\n<p><input id=\"LanguageMenu_svid\" style=\"display: none;\" autocomplete=\"on\" name=\"LanguageMenu_svid\" type=\"text\" value=\"en\" \/> <input id=\"LanguageMenu_textid\" style=\"display: none;\" autocomplete=\"on\" name=\"LanguageMenu_textid\" type=\"text\" \/> <span id=\"__LanguageMenu_header\" class=\"DDStyle\" tabindex=\"0\">Anglais<\/span><\/p>\n<div style=\"position: relative; text-align: left; left: 0;\">\n<div style=\"position: absolute; ;left: 0px;\">\n<div id=\"__LanguageMenu_popup\" class=\"DDStyle\" style=\"display: none;\">\n<table id=\"LanguageMenu\" border=\"0\">\n<tbody>\n<tr>\n<td><a tabindex=\"-1\" href=\"#ar\">arabe<\/a><\/td>\n<td><a tabindex=\"-1\" href=\"#he\">h\u00e9breu<\/a><\/td>\n<td><a tabindex=\"-1\" href=\"#pl\">polonais<\/a><\/td>\n<\/tr>\n<tr>\n<td><a tabindex=\"-1\" href=\"#bg\">bulgare<\/a><\/td>\n<td><a tabindex=\"-1\" href=\"#hi\">hindi<\/a><\/td>\n<td><a tabindex=\"-1\" href=\"#pt\">Portugais<\/a><\/td>\n<\/tr>\n<tr>\n<td><a tabindex=\"-1\" href=\"#ca\">catalan<\/a><\/td>\n<td><a tabindex=\"-1\" href=\"#mww\">Daw Hmong<\/a><\/td>\n<td><a tabindex=\"-1\" href=\"#ro\">roumain<\/a><\/td>\n<\/tr>\n<tr>\n<td><a tabindex=\"-1\" href=\"#zh-CHS\">Chinois simplifi\u00e9<\/a><\/td>\n<td><a tabindex=\"-1\" href=\"#hu\">hongrois<\/a><\/td>\n<td><a tabindex=\"-1\" href=\"#ru\">russe<\/a><\/td>\n<\/tr>\n<tr>\n<td><a tabindex=\"-1\" href=\"#zh-CHT\">Chinois (Traditionnel<\/a><\/td>\n<td><a tabindex=\"-1\" href=\"#id\">indon\u00e9sien<\/a><\/td>\n<td><a tabindex=\"-1\" href=\"#sk\">slovaque<\/a><\/td>\n<\/tr>\n<tr>\n<td><a tabindex=\"-1\" href=\"#cs\">tch\u00e8que<\/a><\/td>\n<td><a tabindex=\"-1\" href=\"#it\">italien<\/a><\/td>\n<td><a tabindex=\"-1\" href=\"#sl\">slov\u00e8ne<\/a><\/td>\n<\/tr>\n<tr>\n<td><a tabindex=\"-1\" href=\"#da\">danois<\/a><\/td>\n<td><a tabindex=\"-1\" href=\"#ja\">Japonais<\/a><\/td>\n<td><a tabindex=\"-1\" href=\"#es\">Espagnol<\/a><\/td>\n<\/tr>\n<tr>\n<td><a tabindex=\"-1\" href=\"#nl\">N\u00e9erlandais<\/a><\/td>\n<td><a tabindex=\"-1\" href=\"#tlh\">Klingons<\/a><\/td>\n<td><a tabindex=\"-1\" href=\"#sv\">su\u00e9dois<\/a><\/td>\n<\/tr>\n<tr>\n<td><a tabindex=\"-1\" href=\"#en\">Anglais<\/a><\/td>\n<td><a tabindex=\"-1\" href=\"#ko\">cor\u00e9en<\/a><\/td>\n<td><a tabindex=\"-1\" href=\"#th\">tha\u00eflandais<\/a><\/td>\n<\/tr>\n<tr>\n<td><a tabindex=\"-1\" href=\"#et\">estonien<\/a><\/td>\n<td><a tabindex=\"-1\" href=\"#lv\">letton<\/a><\/td>\n<td><a tabindex=\"-1\" href=\"#tr\">turc<\/a><\/td>\n<\/tr>\n<tr>\n<td><a tabindex=\"-1\" href=\"#fi\">finlandais<\/a><\/td>\n<td><a tabindex=\"-1\" href=\"#lt\">lituanien<\/a><\/td>\n<td><a tabindex=\"-1\" href=\"#uk\">ukrainien<\/a><\/td>\n<\/tr>\n<tr>\n<td><a tabindex=\"-1\" href=\"#fr\">Fran\u00e7ais<\/a><\/td>\n<td><a tabindex=\"-1\" href=\"#ms\">malais<\/a><\/td>\n<td><a tabindex=\"-1\" href=\"#ur\">Ourdou<\/a><\/td>\n<\/tr>\n<tr>\n<td><a tabindex=\"-1\" href=\"#de\">Allemand<\/a><\/td>\n<td><a tabindex=\"-1\" href=\"#mt\">maltais<\/a><\/td>\n<td><a tabindex=\"-1\" href=\"#vi\">vietnamien<\/a><\/td>\n<\/tr>\n<tr>\n<td><a tabindex=\"-1\" href=\"#el\">grec<\/a><\/td>\n<td><a tabindex=\"-1\" href=\"#no\">norv\u00e9gien<\/a><\/td>\n<td><a tabindex=\"-1\" href=\"#cy\">gallois<\/a><\/td>\n<\/tr>\n<tr>\n<td><a tabindex=\"-1\" href=\"#ht\">Cr\u00e9ole ha\u00eftien<\/a><\/td>\n<td><a tabindex=\"-1\" href=\"#fa\">persan<\/a><\/td>\n<td><\/td>\n<\/tr>\n<\/tbody>\n<\/table>\n<p><img style=\"height: 7px; width: 17px; border-width: 0px; left: 20px;\" alt=\"\" \/><\/p>\n<\/div>\n<\/div>\n<\/div>\n<\/div>\n<p><script type=\"text\/javascript\"> var LanguageMenu; var LanguageMenu_keys=[\"ar\",\"bg\",\"ca\",\"zh-CHS\",\"zh-CHT\",\"cs\",\"da\",\"nl\",\"en\",\"et\",\"fi\",\"fr\",\"de\",\"el\",\"ht\",\"he\",\"hi\",\"mww\",\"hu\",\"id\",\"it\",\"ja\",\"tlh\",\"ko\",\"lv\",\"lt\",\"ms\",\"mt\",\"no\",\"fa\",\"pl\",\"pt\",\"ro\",\"ru\",\"sk\",\"sl\",\"es\",\"sv\",\"th\",\"tr\",\"uk\",\"ur\",\"vi\",\"cy\"]; var LanguageMenu_values=[\"Arabic\",\"Bulgarian\",\"Catalan\",\"Chinese Simplified\",\"Chinese Traditional\",\"Czech\",\"Danish\",\"Dutch\",\"English\",\"Estonian\",\"Finnish\",\"French\",\"German\",\"Greek\",\"Haitian Creole\",\"Hebrew\",\"Hindi\",\"Hmong Daw\",\"Hungarian\",\"Indonesian\",\"Italian\",\"Japanese\",\"Klingon\",\"Korean\",\"Latvian\",\"Lithuanian\",\"Malay\",\"Maltese\",\"Norwegian\",\"Persian\",\"Polish\",\"Portuguese\",\"Romanian\",\"Russian\",\"Slovak\",\"Slovenian\",\"Spanish\",\"Swedish\",\"Thai\",\"Turkish\",\"Ukrainian\",\"Urdu\",\"Vietnamese\",\"Welsh\"]; var LanguageMenu_callback=function(){ }; var LanguageMenu_popupid='__LanguageMenu_popup'; <\/script><\/p>\n<\/div>\n<div id=\"CTFLinksPanel\"><span id=\"ExternalLinksPanel\"><a id=\"HelpLink\" title=\"Aider\" href=\"https:\/\/go.microsoft.com\/?linkid=9722454\" target=\"_blank\" rel=\"noopener\"> <img id=\"HelpImg\" \/><\/a> <a id=\"EmbedLink\" title=\"Obtenez ce widget pour votre propre site\"><\/a> <img id=\"EmbedImg\" \/> <a id=\"ShareLink\" title=\"Partager la page traduite avec des amis\"><\/a> <img id=\"ShareImg\" \/> <\/span><\/div>\n<div id=\"FloaterProgressBar\"><\/div>\n<\/div>\n<div id=\"WidgetFloaterCollapsed\" style=\"display: none;\">TRADUIRE avec <img id=\"CollapsedLogoImg\" \/><\/div>\n<div id=\"FloaterSharePanel\" style=\"display: none;\">\n<div id=\"ShareTextDiv\"><span id=\"ShareTextSpan\"> COPIER L&#039;URL CI-DESSOUS <\/span><\/div>\n<div id=\"ShareTextboxDiv\"><input id=\"ShareTextbox\" name=\"ShareTextbox\" readonly=\"readonly\" type=\"text\" \/> <!--a id=\"TwitterLink\" title=\"Share on Twitter\"> <img id=\"TwitterImg\" \/><\/a> <a-- id=\"FacebookLink\" title=\"Share on Facebook\"> <img id=\"FacebookImg\" \/><\/a--> <a id=\"EmailLink\" title=\"Envoyez cette traduction par e-mail\"><\/a> <img id=\"EmailImg\" \/><\/div>\n<div id=\"ShareFooter\"><span id=\"ShareHelpSpan\"><a id=\"ShareHelpLink\"><\/a> <img id=\"ShareHelpImg\" \/><\/span> <span id=\"ShareBackSpan\"><a id=\"ShareBack\" title=\"Retour \u00e0 la traduction\"><\/a> Dos<\/span><\/div>\n<p><input id=\"EmailSubject\" name=\"EmailSubject\" type=\"hidden\" value=\"Check out this page in {0} translated from {1}\" \/> <input id=\"EmailBody\" name=\"EmailBody\" type=\"hidden\" value=\"Translated: {0}%0d%0aOriginal: {1}%0d%0a%0d%0aAutomatic translation powered by Microsoft\u00ae Translator%0d%0ahttp:\/\/www.bing.com\/translator?ref=MSTWidget\" \/> <input id=\"ShareHelpText\" type=\"hidden\" value=\"This link allows visitors to launch this page and automatically translate it to {0}.\" \/><\/p>\n<\/div>\n<div id=\"FloaterEmbed\" style=\"display: none;\">\n<div id=\"EmbedTextDiv\"><span id=\"EmbedTextSpan\">INTEGREZ L&#039;EXTRAIT CI-DESSOUS DANS VOTRE SITE<\/span> <a id=\"EmbedHelpLink\" title=\"Copiez ce code et placez-le dans votre HTML.\"><\/a> <img id=\"EmbedHelpImg\" \/><\/div>\n<div id=\"EmbedTextboxDiv\"><input id=\"EmbedSnippetTextBox\" name=\"EmbedSnippetTextBox\" readonly=\"readonly\" type=\"text\" value=\"&lt;div id='MicrosoftTranslatorWidget' class='Dark' style='color:white;background-color:#555555'&gt;&lt;\/div&gt;&lt;script type='text\/javascript'&gt;setTimeout(function(){var s=document.createElement('script');s.type='text\/javascript';s.charset='UTF-8';s.src=((location &amp;&amp; location.href &amp;&amp; location.href.indexOf('https') == 0)?'https:\/\/ssl.microsofttranslator.com':'http:\/\/www.microsofttranslator.com')+'\/ajax\/v3\/WidgetV3.ashx?siteData=ueOIGRSKkd965FeEGM5JtQ**&amp;ctf=true&amp;ui=true&amp;settings=manual&amp;from=en';var p=document.getElementsByTagName('head')[0]||document.documentElement;p.insertBefore(s,p.firstChild); },0);&lt;\/script&gt;\" \/><\/div>\n<div id=\"EmbedNoticeDiv\"><span id=\"EmbedNoticeSpan\">Activez les fonctionnalit\u00e9s collaboratives et personnalisez le widget\u00a0: <a href=\"http:\/\/www.bing.com\/widget\/translator\" target=\"_blank\" rel=\"noopener\">Portail Webmaster Bing<\/a><\/span><\/div>\n<div id=\"EmbedFooterDiv\"><span id=\"EmbedBackSpan\"><a title=\"Retour \u00e0 la traduction\">Dos<\/a><\/span><\/div>\n<\/div>\n<p><script type=\"text\/javascript\"> var intervalId = setInterval(function () { if (MtPopUpList) { LanguageMenu = new MtPopUpList(); var langMenu = document.getElementById(LanguageMenu_popupid); var origLangDiv = document.createElement(\"div\"); origLangDiv.id = \"OriginalLanguageDiv\"; origLangDiv.innerHTML = \"<span id='OriginalTextSpan'>ORIGINAL: <\/span><span id='OriginalLanguageSpan'><\/span>\"; langMenu.appendChild(origLangDiv); LanguageMenu.Init('LanguageMenu', LanguageMenu_keys, LanguageMenu_values, LanguageMenu_callback, LanguageMenu_popupid); window[\"LanguageMenu\"] = LanguageMenu; clearInterval(intervalId); } }, 1); <\/script><\/p>\n<\/div>\n<h3><strong>Appareils et marques pris en charge<\/strong><\/h3>\n<hr \/>\n<p>Nos \u00e9metteurs-r\u00e9cepteurs optiques sont compatibles avec la plupart des marques de peuplier du march\u00e9, indiquez-nous les marques d&#039;appareils que vous utiliserez, nous vous fournirons le service personnalis\u00e9.<\/p>\n<p>Module SFP\/SFP+\/SFP28\/QSFP\/QSFP+\/QSFP28\/CFP\/CFP2\/CFP4<strong> marques soutenues<\/strong>: Cisco\/HP\/DELL\/FINISAR\/INTEL\/HUAWEI\/JUNIPER\/ZTE\/TP-LINK\/H3C \u2026<\/p>\n<p><strong>Appareils pris en charge\u00a0:<\/strong> Serveur\/commutateur\/NAS\/WDM OTN\/convertisseur\/routeur de m\u00e9dia fibre vers Ethernet avec interface SFP\/SFP+\/SFP28\/QSFP\/QSFP+\/QSFP28\/CFP\/CFP2\/CFP4.<\/p>\n<p>&nbsp;<\/p>\n<p><img loading=\"lazy\" decoding=\"async\" class=\"aligncenter wp-image-4309\" src=\"https:\/\/key2optics.com\/wp-content\/uploads\/2022\/09\/Optical-Module-List-en.jpg\" alt=\"compatibilit\u00e9 \u00e9metteur-r\u00e9cepteur\" width=\"1000\" height=\"992\" srcset=\"https:\/\/key2optics.com\/wp-content\/uploads\/2022\/09\/Optical-Module-List-en.jpg 1591w, https:\/\/key2optics.com\/wp-content\/uploads\/2022\/09\/Optical-Module-List-en-100x100.jpg 100w, https:\/\/key2optics.com\/wp-content\/uploads\/2022\/09\/Optical-Module-List-en-800x793.jpg 800w, https:\/\/key2optics.com\/wp-content\/uploads\/2022\/09\/Optical-Module-List-en-484x480.jpg 484w, https:\/\/key2optics.com\/wp-content\/uploads\/2022\/09\/Optical-Module-List-en-180x180.jpg 180w, https:\/\/key2optics.com\/wp-content\/uploads\/2022\/09\/Optical-Module-List-en-768x762.jpg 768w, https:\/\/key2optics.com\/wp-content\/uploads\/2022\/09\/Optical-Module-List-en-1536x1523.jpg 1536w, https:\/\/key2optics.com\/wp-content\/uploads\/2022\/09\/Optical-Module-List-en-1140x1131.jpg 1140w, https:\/\/key2optics.com\/wp-content\/uploads\/2022\/09\/Optical-Module-List-en-920x912.jpg 920w, https:\/\/key2optics.com\/wp-content\/uploads\/2022\/09\/Optical-Module-List-en-575x570.jpg 575w, https:\/\/key2optics.com\/wp-content\/uploads\/2022\/09\/Optical-Module-List-en-380x377.jpg 380w\" sizes=\"(max-width: 1000px) 100vw, 1000px\" \/><\/p>\n<p><img loading=\"lazy\" decoding=\"async\" class=\"wp-image-6388 size-full aligncenter\" src=\"https:\/\/key2optics.com\/wp-content\/uploads\/2019\/11\/Application1.jpg\" alt=\"P\u00e9riph\u00e9riques pris en charge par le module SFP\" width=\"807\" height=\"444\" \/><\/p>\n<h3><strong>Pourquoi Key2Optics<\/strong><\/h3>\n<hr \/>\n<h4>Fabrication et contr\u00f4le qualit\u00e9<\/h4>\n<p>Avec une ligne d&#039;assemblage avanc\u00e9e, un atelier robotique et des laboratoires de test, nous rendons nos produits 100% exempts de d\u00e9fauts et pouvons \u00eatre utilis\u00e9s dans tous les environnements et en toutes circonstances. <a href=\"https:\/\/key2optics.com\/fr\/controle-de-qualite\/\" target=\"_blank\" rel=\"noopener\">Plus\u2026<\/a><\/p>\n<p><a href=\"https:\/\/key2optics.com\/fr\/controle-de-qualite\/\" target=\"_blank\" rel=\"noopener\"><img loading=\"lazy\" decoding=\"async\" class=\"aligncenter wp-image-6391 size-full\" title=\"CQ et production de key2optics\" src=\"https:\/\/key2optics.com\/wp-content\/uploads\/2019\/11\/QCProduction.jpg\" alt=\"CQ et production de key2optics\" width=\"1000\" height=\"756\" \/><\/a><\/p>\n<p>Nous surveillons strictement chaque \u00e9tape de la production pour nous assurer que chaque produit qui vous est livr\u00e9 est tra\u00e7able et non d\u00e9fectueux.\u00a0 \u00a0<a href=\"https:\/\/key2optics.com\/fr\/controle-de-qualite\/\" target=\"_blank\" rel=\"noopener\">Plus\u2026<\/a><\/p>\n<figure id=\"attachment_6394\" aria-describedby=\"caption-attachment-6394\" style=\"width: 1000px\" class=\"wp-caption aligncenter\"><a href=\"https:\/\/key2optics.com\/fr\/controle-de-qualite\/\" target=\"_blank\" rel=\"noopener\"><img loading=\"lazy\" decoding=\"async\" class=\"wp-image-6394 size-full\" src=\"https:\/\/key2optics.com\/wp-content\/uploads\/2019\/11\/production.jpg\" alt=\"production et test de key2optics\" width=\"1000\" height=\"416\" \/><\/a><figcaption id=\"caption-attachment-6394\" class=\"wp-caption-text\">production et test de key2optics<\/figcaption><\/figure>\n<h4>Notre qualification<\/h4>\n<p>Nos produits sont certifi\u00e9s CE, FCC, RoHs et notre ligne de production est <a title=\"ISO 9001\" href=\"https:\/\/key2optics.com\/wp-content\/uploads\/2022\/09\/ISO9001.jpg\" target=\"_blank\" rel=\"noopener\">ISO 9001<\/a> agr\u00e9\u00e9. Nous avons plus de dizaines de certificats de brevets et de certificats logiciels.\u00a0 <a href=\"https:\/\/key2optics.com\/fr\/controle-de-qualite\/\" target=\"_blank\" rel=\"noopener\">Plus\u2026<\/a><\/p>\n<p><a href=\"https:\/\/key2optics.com\/fr\/controle-de-qualite\/\" target=\"_blank\" rel=\"noopener\"><img loading=\"lazy\" decoding=\"async\" class=\"aligncenter wp-image-6389 size-full\" src=\"https:\/\/key2optics.com\/wp-content\/uploads\/2019\/11\/Certificates.jpg\" alt=\"certificats key2optics\" width=\"1000\" height=\"241\" \/><\/a><\/p>","protected":false},"excerpt":{"rendered":"<p><strong>Le produit Key2 Optics AOC (c\u00e2ble optique actif) 10GbE SFP+ AOC a une faible consommation d&#039;\u00e9nergie, un petit rayon de courbure, aucune perte d&#039;insertion de fibre et une introduction sans poussi\u00e8re, il est fortement recommand\u00e9 pour un centre de donn\u00e9es haute densit\u00e9 dans un budget \u00e0 faible co\u00fbt.<\/strong><\/p>\n<p>Cat\u00e9gorie : C\u00e2ble AOC 10G 1xSFP+ vers 1xSFP+<\/p>\n<p>&nbsp;<\/p>\n<div id=\"WidgetFloaterPanels\" class=\"LTRStyle\" style=\"display: none; text-align: left; direction: ltr; visibility: hidden;\" translate=\"no\">\n<div id=\"WidgetFloater\" style=\"display: none;\">\n<div id=\"WidgetLogoPanel\"><span id=\"WidgetTranslateWithSpan\">TRADUIRE avec <img id=\"FloaterLogo\" \/><\/span> <span id=\"WidgetCloseButton\" title=\"Traduction de sortie\">X<\/span><\/div>\n<div id=\"LanguageMenuPanel\">\n<div class=\"DDStyle_outer\">\n<p><input id=\"LanguageMenu_svid\" style=\"display: none;\" autocomplete=\"on\" name=\"LanguageMenu_svid\" type=\"text\" value=\"en\" \/> <input id=\"LanguageMenu_textid\" style=\"display: none;\" autocomplete=\"on\" name=\"LanguageMenu_textid\" type=\"text\" \/> <span id=\"__LanguageMenu_header\" class=\"DDStyle\" tabindex=\"0\">Anglais<\/span><\/p>\n<div style=\"position: relative; text-align: left; left: 0;\">\n<div style=\"position: absolute; ;left: 0px;\">\n<div id=\"__LanguageMenu_popup\" class=\"DDStyle\" style=\"display: none;\">\n<table id=\"LanguageMenu\" border=\"0\">\n<tbody>\n<tr>\n<td><a tabindex=\"-1\" href=\"#ar\">arabe<\/a><\/td>\n<td><a tabindex=\"-1\" href=\"#he\">h\u00e9breu<\/a><\/td>\n<td><a tabindex=\"-1\" href=\"#pl\">polonais<\/a><\/td>\n<\/tr>\n<tr>\n<td><a tabindex=\"-1\" href=\"#bg\">bulgare<\/a><\/td>\n<td><a tabindex=\"-1\" href=\"#hi\">hindi<\/a><\/td>\n<td><a tabindex=\"-1\" href=\"#pt\">Portugais<\/a><\/td>\n<\/tr>\n<tr>\n<td><a tabindex=\"-1\" href=\"#ca\">catalan<\/a><\/td>\n<td><a tabindex=\"-1\" href=\"#mww\">Daw Hmong<\/a><\/td>\n<td><a tabindex=\"-1\" href=\"#ro\">roumain<\/a><\/td>\n<\/tr>\n<tr>\n<td><a tabindex=\"-1\" href=\"#zh-CHS\">Chinois simplifi\u00e9<\/a><\/td>\n<td><a tabindex=\"-1\" href=\"#hu\">hongrois<\/a><\/td>\n<td><a tabindex=\"-1\" href=\"#ru\">russe<\/a><\/td>\n<\/tr>\n<tr>\n<td><a tabindex=\"-1\" href=\"#zh-CHT\">Chinois (Traditionnel<\/a><\/td>\n<td><a tabindex=\"-1\" href=\"#id\">indon\u00e9sien<\/a><\/td>\n<td><a tabindex=\"-1\" href=\"#sk\">slovaque<\/a><\/td>\n<\/tr>\n<tr>\n<td><a tabindex=\"-1\" href=\"#cs\">tch\u00e8que<\/a><\/td>\n<td><a tabindex=\"-1\" href=\"#it\">italien<\/a><\/td>\n<td><a tabindex=\"-1\" href=\"#sl\">slov\u00e8ne<\/a><\/td>\n<\/tr>\n<tr>\n<td><a tabindex=\"-1\" href=\"#da\">danois<\/a><\/td>\n<td><a tabindex=\"-1\" href=\"#ja\">Japonais<\/a><\/td>\n<td><a tabindex=\"-1\" href=\"#es\">Espagnol<\/a><\/td>\n<\/tr>\n<tr>\n<td><a tabindex=\"-1\" href=\"#nl\">N\u00e9erlandais<\/a><\/td>\n<td><a tabindex=\"-1\" href=\"#tlh\">Klingons<\/a><\/td>\n<td><a tabindex=\"-1\" href=\"#sv\">su\u00e9dois<\/a><\/td>\n<\/tr>\n<tr>\n<td><a tabindex=\"-1\" href=\"#en\">Anglais<\/a><\/td>\n<td><a tabindex=\"-1\" href=\"#ko\">cor\u00e9en<\/a><\/td>\n<td><a tabindex=\"-1\" href=\"#th\">tha\u00eflandais<\/a><\/td>\n<\/tr>\n<tr>\n<td><a tabindex=\"-1\" href=\"#et\">estonien<\/a><\/td>\n<td><a tabindex=\"-1\" href=\"#lv\">letton<\/a><\/td>\n<td><a tabindex=\"-1\" href=\"#tr\">turc<\/a><\/td>\n<\/tr>\n<tr>\n<td><a tabindex=\"-1\" href=\"#fi\">finlandais<\/a><\/td>\n<td><a tabindex=\"-1\" href=\"#lt\">lituanien<\/a><\/td>\n<td><a tabindex=\"-1\" href=\"#uk\">ukrainien<\/a><\/td>\n<\/tr>\n<tr>\n<td><a tabindex=\"-1\" href=\"#fr\">Fran\u00e7ais<\/a><\/td>\n<td><a tabindex=\"-1\" href=\"#ms\">malais<\/a><\/td>\n<td><a tabindex=\"-1\" href=\"#ur\">Ourdou<\/a><\/td>\n<\/tr>\n<tr>\n<td><a tabindex=\"-1\" href=\"#de\">Allemand<\/a><\/td>\n<td><a tabindex=\"-1\" href=\"#mt\">maltais<\/a><\/td>\n<td><a tabindex=\"-1\" href=\"#vi\">vietnamien<\/a><\/td>\n<\/tr>\n<tr>\n<td><a tabindex=\"-1\" href=\"#el\">grec<\/a><\/td>\n<td><a tabindex=\"-1\" href=\"#no\">norv\u00e9gien<\/a><\/td>\n<td><a tabindex=\"-1\" href=\"#cy\">gallois<\/a><\/td>\n<\/tr>\n<tr>\n<td><a tabindex=\"-1\" href=\"#ht\">Cr\u00e9ole ha\u00eftien<\/a><\/td>\n<td><a tabindex=\"-1\" href=\"#fa\">persan<\/a><\/td>\n<td><\/td>\n<\/tr>\n<\/tbody>\n<\/table>\n<p><img style=\"height: 7px; width: 17px; border-width: 0px; left: 20px;\" alt=\"\" \/><\/p>\n<\/div>\n<\/div>\n<\/div>\n<\/div>\n<p><script type=\"text\/javascript\"> var LanguageMenu; var LanguageMenu_keys=[\"ar\",\"bg\",\"ca\",\"zh-CHS\",\"zh-CHT\",\"cs\",\"da\",\"nl\",\"en\",\"et\",\"fi\",\"fr\",\"de\",\"el\",\"ht\",\"he\",\"hi\",\"mww\",\"hu\",\"id\",\"it\",\"ja\",\"tlh\",\"ko\",\"lv\",\"lt\",\"ms\",\"mt\",\"no\",\"fa\",\"pl\",\"pt\",\"ro\",\"ru\",\"sk\",\"sl\",\"es\",\"sv\",\"th\",\"tr\",\"uk\",\"ur\",\"vi\",\"cy\"]; var LanguageMenu_values=[\"Arabic\",\"Bulgarian\",\"Catalan\",\"Chinese Simplified\",\"Chinese Traditional\",\"Czech\",\"Danish\",\"Dutch\",\"English\",\"Estonian\",\"Finnish\",\"French\",\"German\",\"Greek\",\"Haitian Creole\",\"Hebrew\",\"Hindi\",\"Hmong Daw\",\"Hungarian\",\"Indonesian\",\"Italian\",\"Japanese\",\"Klingon\",\"Korean\",\"Latvian\",\"Lithuanian\",\"Malay\",\"Maltese\",\"Norwegian\",\"Persian\",\"Polish\",\"Portuguese\",\"Romanian\",\"Russian\",\"Slovak\",\"Slovenian\",\"Spanish\",\"Swedish\",\"Thai\",\"Turkish\",\"Ukrainian\",\"Urdu\",\"Vietnamese\",\"Welsh\"]; var LanguageMenu_callback=function(){ }; var LanguageMenu_popupid='__LanguageMenu_popup'; <\/script><\/p>\n<\/div>\n<div id=\"CTFLinksPanel\"><span id=\"ExternalLinksPanel\"><a id=\"HelpLink\" title=\"Aider\" href=\"https:\/\/go.microsoft.com\/?linkid=9722454\" target=\"_blank\" rel=\"noopener\"> <img id=\"HelpImg\" \/><\/a> <a id=\"EmbedLink\" title=\"Obtenez ce widget pour votre propre site\"><\/a> <img id=\"EmbedImg\" \/> <a id=\"ShareLink\" title=\"Partager la page traduite avec des amis\"><\/a> <img id=\"ShareImg\" \/> <\/span><\/div>\n<div id=\"FloaterProgressBar\"><\/div>\n<\/div>\n<div id=\"WidgetFloaterCollapsed\" style=\"display: none;\">TRADUIRE avec <img id=\"CollapsedLogoImg\" \/><\/div>\n<div id=\"FloaterSharePanel\" style=\"display: none;\">\n<div id=\"ShareTextDiv\"><span id=\"ShareTextSpan\"> COPIER L&#039;URL CI-DESSOUS <\/span><\/div>\n<div id=\"ShareTextboxDiv\"><input id=\"ShareTextbox\" name=\"ShareTextbox\" readonly=\"readonly\" type=\"text\" \/> <!--a id=\"TwitterLink\" title=\"Share on Twitter\"> <img id=\"TwitterImg\" \/><\/a> <a-- id=\"FacebookLink\" title=\"Share on Facebook\"> <img id=\"FacebookImg\" \/><\/a--> <a id=\"EmailLink\" title=\"Envoyez cette traduction par e-mail\"><\/a> <img id=\"EmailImg\" \/><\/div>\n<div id=\"ShareFooter\"><span id=\"ShareHelpSpan\"><a id=\"ShareHelpLink\"><\/a> <img id=\"ShareHelpImg\" \/><\/span> <span id=\"ShareBackSpan\"><a id=\"ShareBack\" title=\"Retour \u00e0 la traduction\"><\/a> Dos<\/span><\/div>\n<p><input id=\"EmailSubject\" name=\"EmailSubject\" type=\"hidden\" value=\"Check out this page in {0} translated from {1}\" \/> <input id=\"EmailBody\" name=\"EmailBody\" type=\"hidden\" value=\"Translated: {0}%0d%0aOriginal: {1}%0d%0a%0d%0aAutomatic translation powered by Microsoft\u00ae Translator%0d%0ahttp:\/\/www.bing.com\/translator?ref=MSTWidget\" \/> <input id=\"ShareHelpText\" type=\"hidden\" value=\"This link allows visitors to launch this page and automatically translate it to {0}.\" \/><\/p>\n<\/div>\n<div id=\"FloaterEmbed\" style=\"display: none;\">\n<div id=\"EmbedTextDiv\"><span id=\"EmbedTextSpan\">INTEGREZ L&#039;EXTRAIT CI-DESSOUS DANS VOTRE SITE<\/span> <a id=\"EmbedHelpLink\" title=\"Copiez ce code et placez-le dans votre HTML.\"><\/a> <img id=\"EmbedHelpImg\" \/><\/div>\n<div id=\"EmbedTextboxDiv\"><input id=\"EmbedSnippetTextBox\" name=\"EmbedSnippetTextBox\" readonly=\"readonly\" type=\"text\" value=\"&lt;div id='MicrosoftTranslatorWidget' class='Dark' style='color:white;background-color:#555555'&gt;&lt;\/div&gt;&lt;script type='text\/javascript'&gt;setTimeout(function(){var s=document.createElement('script');s.type='text\/javascript';s.charset='UTF-8';s.src=((location &amp;&amp; location.href &amp;&amp; location.href.indexOf('https') == 0)?'https:\/\/ssl.microsofttranslator.com':'http:\/\/www.microsofttranslator.com')+'\/ajax\/v3\/WidgetV3.ashx?siteData=ueOIGRSKkd965FeEGM5JtQ**&amp;ctf=true&amp;ui=true&amp;settings=manual&amp;from=en';var p=document.getElementsByTagName('head')[0]||document.documentElement;p.insertBefore(s,p.firstChild); },0);&lt;\/script&gt;\" \/><\/div>\n<div id=\"EmbedNoticeDiv\"><span id=\"EmbedNoticeSpan\">Activez les fonctionnalit\u00e9s collaboratives et personnalisez le widget\u00a0: <a href=\"http:\/\/www.bing.com\/widget\/translator\" target=\"_blank\" rel=\"noopener\">Portail Webmaster Bing<\/a><\/span><\/div>\n<div id=\"EmbedFooterDiv\"><span id=\"EmbedBackSpan\"><a title=\"Retour \u00e0 la traduction\">Dos<\/a><\/span><\/div>\n<\/div>\n<p><script type=\"text\/javascript\"> var intervalId = setInterval(function () { if (MtPopUpList) { LanguageMenu = new MtPopUpList(); var langMenu = document.getElementById(LanguageMenu_popupid); var origLangDiv = document.createElement(\"div\"); origLangDiv.id = \"OriginalLanguageDiv\"; origLangDiv.innerHTML = \"<span id='OriginalTextSpan'>ORIGINAL: <\/span><span id='OriginalLanguageSpan'><\/span>\"; langMenu.appendChild(origLangDiv); LanguageMenu.Init('LanguageMenu', LanguageMenu_keys, LanguageMenu_values, LanguageMenu_callback, LanguageMenu_popupid); window[\"LanguageMenu\"] = LanguageMenu; clearInterval(intervalId); } }, 1); <\/script><\/p>\n<\/div>","protected":false},"featured_media":3178,"comment_status":"closed","ping_status":"closed","template":"","meta":{"content-type":"","_themeisle_gutenberg_block_has_review":false},"product_cat":[138],"product_tag":[151],"aioseo_notices":[],"_links":{"self":[{"href":"https:\/\/key2optics.com\/fr\/wp-json\/wp\/v2\/product\/4881"}],"collection":[{"href":"https:\/\/key2optics.com\/fr\/wp-json\/wp\/v2\/product"}],"about":[{"href":"https:\/\/key2optics.com\/fr\/wp-json\/wp\/v2\/types\/product"}],"replies":[{"embeddable":true,"href":"https:\/\/key2optics.com\/fr\/wp-json\/wp\/v2\/comments?post=4881"}],"wp:featuredmedia":[{"embeddable":true,"href":"https:\/\/key2optics.com\/fr\/wp-json\/wp\/v2\/media\/3178"}],"wp:attachment":[{"href":"https:\/\/key2optics.com\/fr\/wp-json\/wp\/v2\/media?parent=4881"}],"wp:term":[{"taxonomy":"product_cat","embeddable":true,"href":"https:\/\/key2optics.com\/fr\/wp-json\/wp\/v2\/product_cat?post=4881"},{"taxonomy":"product_tag","embeddable":true,"href":"https:\/\/key2optics.com\/fr\/wp-json\/wp\/v2\/product_tag?post=4881"}],"curies":[{"name":"wp","href":"https:\/\/api.w.org\/{rel}","templated":true}]}}