{"id":4998,"date":"2022-09-28T21:04:20","date_gmt":"2022-09-28T13:04:20","guid":{"rendered":"https:\/\/key2optics.com\/?post_type=product&#038;p=4998"},"modified":"2025-09-15T10:24:26","modified_gmt":"2025-09-15T02:24:26","slug":"otn-wdm-system","status":"publish","type":"product","link":"https:\/\/key2optics.com\/fr\/produit\/systeme-otn-wdm\/","title":{"rendered":"Syst\u00e8me WDM OTN"},"content":{"rendered":"<div class=\"node__content clearfix\">\n<div class=\"field field--name-body field--type-text-with-summary field--label-hidden field__item\">\n<p>La nouvelle g\u00e9n\u00e9ration de syst\u00e8me de transmission par division de longueur d&#039;onde 200G haute capacit\u00e9 et longue distance de Key2 Optics utilise une technologie de transmission avanc\u00e9e et une technologie d&#039;int\u00e9gration \u00e9lev\u00e9e pour prendre en charge des taux de transmission monocanal de 100 Mbps \u00e0 100 Gbps.<\/p>\n<p>Le syst\u00e8me OTN WDM offre une large bande passante, une grande capacit\u00e9 et une transmission enti\u00e8rement transparente pour une extension de 200 Gbps et 400 Gbps, ce qui rend les mises \u00e0 niveau du r\u00e9seau plus flexibles et plus simples. Gr\u00e2ce \u00e0 notre puissante plate-forme de gestion de r\u00e9seau, vous pouvez surveiller et contr\u00f4ler les op\u00e9rations multiservices, ainsi que les futures mises \u00e0 niveau et l&#039;\u00e9volutivit\u00e9 du r\u00e9seau. Il est largement utilis\u00e9 dans les op\u00e9rateurs, la radiodiffusion, l&#039;IDC, la finance, le gouvernement, le r\u00e9seau cloud, le big data et d&#039;autres industries.<\/p>\n<p><strong>Caract\u00e9ristiques<\/strong><\/p>\n<ul>\n<li>Syst\u00e8me WDM tout-en-un avec une conception modulaire et simplement plug-in-play pour construire votre syst\u00e8me WDM<\/li>\n<li><span lang=\"EN-US\">Conception standard de montage en rack U-space, int\u00e9gration et maintenance de cartes de service modulaires, enfichables \u00e0 chaud et sans configuration<\/span><\/li>\n<li><span lang=\"EN-US\"><span lang=\"EN-US\">Acc\u00e8s au service 100Mbit\/S ~ 100Gbit\/s pour diff\u00e9rentes entreprises\u00a0:\u00a0<\/span><\/span>CPRI1~10, eCPRI, FE\/GE\/10GE\/25GE\/40GE\/100GE, FC 1G~32G, STM-N, OTU1\/2\/3\/4<\/li>\n<li><span lang=\"EN-US\"><span lang=\"EN-US\">\u00c9norme capacit\u00e9 de transmission jusqu&#039;\u00e0 9,6\u00a0Tb\/s et prise en charge<\/span><\/span>s Transmission hybride 80\/96\u00d710G\/100G, une mise \u00e0 niveau flexible de 40 ondes \u00e0 80 ondes, 48 ondes \u00e0 96 ondes<\/li>\n<li><span lang=\"EN-US\"><span lang=\"EN-US\">Le syst\u00e8me de transport 200G adopte\u00a0<\/span><\/span>La technologie de codage PDM-QPSK pour une d\u00e9tection coh\u00e9rente, prend en charge SD-FEC, l&#039;indice de tol\u00e9rance B2B OSNR est excellent, adopte la technologie de traitement DSP avanc\u00e9e de l&#039;industrie, la tol\u00e9rance de dispersion est de 22000 ps\/nm et 1200 km ou plus de transmission de relais non \u00e9lectrique.<\/li>\n<li><span lang=\"EN-US\">M\u00e9thodes de protection des t\u00e9l\u00e9communications fiables pour les appareils de t\u00e9l\u00e9communications importants et les lignes de fibre optique<\/span><\/li>\n<\/ul>\n<p><strong>Solution de mise en r\u00e9seau<\/strong><\/p>\n<p><img loading=\"lazy\" decoding=\"async\" class=\"aligncenter size-full wp-image-5012\" src=\"https:\/\/key2optics.com\/wp-content\/uploads\/2022\/09\/Networking.jpg\" alt=\"\" width=\"1536\" height=\"388\" srcset=\"https:\/\/key2optics.com\/wp-content\/uploads\/2022\/09\/Networking.jpg 1536w, https:\/\/key2optics.com\/wp-content\/uploads\/2022\/09\/Networking-800x202.jpg 800w, https:\/\/key2optics.com\/wp-content\/uploads\/2022\/09\/Networking-750x189.jpg 750w, https:\/\/key2optics.com\/wp-content\/uploads\/2022\/09\/Networking-768x194.jpg 768w, https:\/\/key2optics.com\/wp-content\/uploads\/2022\/09\/Networking-18x5.jpg 18w, https:\/\/key2optics.com\/wp-content\/uploads\/2022\/09\/Networking-1140x288.jpg 1140w, https:\/\/key2optics.com\/wp-content\/uploads\/2022\/09\/Networking-920x232.jpg 920w, https:\/\/key2optics.com\/wp-content\/uploads\/2022\/09\/Networking-575x145.jpg 575w, https:\/\/key2optics.com\/wp-content\/uploads\/2022\/09\/Networking-380x96.jpg 380w\" sizes=\"(max-width: 1536px) 100vw, 1536px\" \/><\/p>\n<p><strong>Sch\u00e9ma du syst\u00e8me et plate-forme de gestion<\/strong><\/p>\n<p><img loading=\"lazy\" decoding=\"async\" class=\"aligncenter wp-image-5169 size-full\" src=\"https:\/\/key2optics.com\/wp-content\/uploads\/2022\/09\/wdm_system_diagram.jpg\" alt=\"\" width=\"1280\" height=\"743\" srcset=\"https:\/\/key2optics.com\/wp-content\/uploads\/2022\/09\/wdm_system_diagram.jpg 1280w, https:\/\/key2optics.com\/wp-content\/uploads\/2022\/09\/wdm_system_diagram-800x464.jpg 800w, https:\/\/key2optics.com\/wp-content\/uploads\/2022\/09\/wdm_system_diagram-750x435.jpg 750w, https:\/\/key2optics.com\/wp-content\/uploads\/2022\/09\/wdm_system_diagram-768x446.jpg 768w, https:\/\/key2optics.com\/wp-content\/uploads\/2022\/09\/wdm_system_diagram-18x10.jpg 18w, https:\/\/key2optics.com\/wp-content\/uploads\/2022\/09\/wdm_system_diagram-1140x662.jpg 1140w, https:\/\/key2optics.com\/wp-content\/uploads\/2022\/09\/wdm_system_diagram-920x534.jpg 920w, https:\/\/key2optics.com\/wp-content\/uploads\/2022\/09\/wdm_system_diagram-575x334.jpg 575w, https:\/\/key2optics.com\/wp-content\/uploads\/2022\/09\/wdm_system_diagram-380x221.jpg 380w\" sizes=\"(max-width: 1280px) 100vw, 1280px\" \/><\/p>\n<\/div>\n<p><img loading=\"lazy\" decoding=\"async\" class=\"aligncenter wp-image-5014 size-full\" src=\"https:\/\/key2optics.com\/wp-content\/uploads\/2022\/09\/otn_cms.jpg\" alt=\"\" width=\"1280\" height=\"1280\" srcset=\"https:\/\/key2optics.com\/wp-content\/uploads\/2022\/09\/otn_cms.jpg 1280w, https:\/\/key2optics.com\/wp-content\/uploads\/2022\/09\/otn_cms-420x420.jpg 420w, https:\/\/key2optics.com\/wp-content\/uploads\/2022\/09\/otn_cms-100x100.jpg 100w, https:\/\/key2optics.com\/wp-content\/uploads\/2022\/09\/otn_cms-800x800.jpg 800w, https:\/\/key2optics.com\/wp-content\/uploads\/2022\/09\/otn_cms-480x480.jpg 480w, https:\/\/key2optics.com\/wp-content\/uploads\/2022\/09\/otn_cms-180x180.jpg 180w, https:\/\/key2optics.com\/wp-content\/uploads\/2022\/09\/otn_cms-768x768.jpg 768w, https:\/\/key2optics.com\/wp-content\/uploads\/2022\/09\/otn_cms-12x12.jpg 12w, https:\/\/key2optics.com\/wp-content\/uploads\/2022\/09\/otn_cms-1140x1140.jpg 1140w, https:\/\/key2optics.com\/wp-content\/uploads\/2022\/09\/otn_cms-920x920.jpg 920w, https:\/\/key2optics.com\/wp-content\/uploads\/2022\/09\/otn_cms-575x575.jpg 575w, https:\/\/key2optics.com\/wp-content\/uploads\/2022\/09\/otn_cms-380x380.jpg 380w\" sizes=\"(max-width: 1280px) 100vw, 1280px\" \/><\/p>\n<p>Veuillez t\u00e9l\u00e9charger la sp\u00e9cification d\u00e9taill\u00e9e \u00e0 partir du<a href=\"https:\/\/key2optics.com\/fr\/telecharger\/\"> Lien<\/a><\/p>\n<\/div>","protected":false},"excerpt":{"rendered":"<p>La nouvelle g\u00e9n\u00e9ration de syst\u00e8me de transmission par division de longueur d&#039;onde 200G haute capacit\u00e9 et longue distance de Key2 Optics utilise une technologie de transmission avanc\u00e9e et une technologie d&#039;int\u00e9gration \u00e9lev\u00e9e pour prendre en charge des taux de transmission monocanal de 100 Mbps \u00e0 100 Gbps.<\/p>","protected":false},"featured_media":4994,"comment_status":"closed","ping_status":"closed","template":"","meta":{"content-type":"","_themeisle_gutenberg_block_has_review":false},"product_cat":[154],"product_tag":[156],"aioseo_notices":[],"_links":{"self":[{"href":"https:\/\/key2optics.com\/fr\/wp-json\/wp\/v2\/product\/4998"}],"collection":[{"href":"https:\/\/key2optics.com\/fr\/wp-json\/wp\/v2\/product"}],"about":[{"href":"https:\/\/key2optics.com\/fr\/wp-json\/wp\/v2\/types\/product"}],"replies":[{"embeddable":true,"href":"https:\/\/key2optics.com\/fr\/wp-json\/wp\/v2\/comments?post=4998"}],"wp:featuredmedia":[{"embeddable":true,"href":"https:\/\/key2optics.com\/fr\/wp-json\/wp\/v2\/media\/4994"}],"wp:attachment":[{"href":"https:\/\/key2optics.com\/fr\/wp-json\/wp\/v2\/media?parent=4998"}],"wp:term":[{"taxonomy":"product_cat","embeddable":true,"href":"https:\/\/key2optics.com\/fr\/wp-json\/wp\/v2\/product_cat?post=4998"},{"taxonomy":"product_tag","embeddable":true,"href":"https:\/\/key2optics.com\/fr\/wp-json\/wp\/v2\/product_tag?post=4998"}],"curies":[{"name":"wp","href":"https:\/\/api.w.org\/{rel}","templated":true}]}}