{"id":5238,"date":"2022-10-08T19:13:54","date_gmt":"2022-10-08T11:13:54","guid":{"rendered":"https:\/\/key2optics.com\/?post_type=product&#038;p=5238"},"modified":"2025-09-15T10:23:18","modified_gmt":"2025-09-15T02:23:18","slug":"wdm-system-olp","status":"publish","type":"product","link":"https:\/\/key2optics.com\/fr\/produit\/wdm-system-olp\/","title":{"rendered":"OLP du syst\u00e8me WDM"},"content":{"rendered":"<div class=\"node__content clearfix\">\n<div class=\"field field--name-body field--type-text-with-summary field--label-hidden field__item\">\n<p style=\"font-weight: 400;\">L&#039;OLP (carte de protection optique) de Key2Optics doit aider le syst\u00e8me de division de longueur d&#039;onde \u00e0 compl\u00e9ter les solutions de protection de la couche optique telles que la protection de la ligne optique 1+1 et la protection de la longueur d&#039;onde optique 1+1. Il peut surveiller les chemins optiques de routage principal et de secours en temps r\u00e9el. Dans le cas o\u00f9 le c\u0153ur de la fibre est bloqu\u00e9 ou d\u00e9grad\u00e9 en termes de performances, il peut mettre en \u0153uvre automatiquement le r\u00e9arrangement s\u00e9curis\u00e9 dans le c\u0153ur de la fibre principale et de secours, afin de garantir une r\u00e9cup\u00e9ration rapide des signaux optiques dans la ligne syst\u00e8me. La technologie OLP consiste \u00e0 compl\u00e9ter l&#039;op\u00e9ration de commutation de routage dans la couche optique. La protection de la couche optique pr\u00e9sente des avantages incomparables par rapport \u00e0 la protection des services sup\u00e9rieurs, et c&#039;est la meilleure solution pour fournir \u00e0 l&#039;utilisateur une communication ininterrompue.<\/p>\n<p><strong>Caract\u00e9ristiques<\/strong><\/p>\n<ul>\n<li>Conception de carte modulaire pour \u00eatre facilement enfichable \u00e0 chaud dans le syst\u00e8me OTN WDM<\/li>\n<li>Solution flexible et \u00e9volutive pour le plan d&#039;installation et la future mise \u00e0 niveau<\/li>\n<li class=\"w-label-content-item current\" data-area=\"tabArea0\">\n<div id=\"smc_tabArea0\" class=\"smAreaC\">\n<div id=\"smv_tem_41_50\" class=\"smartRecpt esmartMargin smartAbs\">\n<div class=\"yibuFrameContent tem_41_50 productSummaryBind_Style1\">\n<div class=\"w-info\">Surveillez l&#039;\u00e9tat du signal des routes principales et de secours en temps r\u00e9el et commutez automatiquement et en toute s\u00e9curit\u00e9 les routes principales et de secours pour assurer une r\u00e9cup\u00e9ration rapide<\/div>\n<\/div>\n<\/div>\n<\/div>\n<\/li>\n<\/ul>\n<\/div>\n<p><strong>Diagramme syst\u00e8me<\/strong><\/p>\n<p><img loading=\"lazy\" decoding=\"async\" class=\"aligncenter size-full wp-image-5331\" src=\"https:\/\/key2optics.com\/wp-content\/uploads\/2022\/10\/system_diagram_olp.jpg\" alt=\"\" width=\"1690\" height=\"432\" srcset=\"https:\/\/key2optics.com\/wp-content\/uploads\/2022\/10\/system_diagram_olp.jpg 1690w, https:\/\/key2optics.com\/wp-content\/uploads\/2022\/10\/system_diagram_olp-800x204.jpg 800w, https:\/\/key2optics.com\/wp-content\/uploads\/2022\/10\/system_diagram_olp-750x192.jpg 750w, https:\/\/key2optics.com\/wp-content\/uploads\/2022\/10\/system_diagram_olp-768x196.jpg 768w, https:\/\/key2optics.com\/wp-content\/uploads\/2022\/10\/system_diagram_olp-1536x393.jpg 1536w, https:\/\/key2optics.com\/wp-content\/uploads\/2022\/10\/system_diagram_olp-18x5.jpg 18w, https:\/\/key2optics.com\/wp-content\/uploads\/2022\/10\/system_diagram_olp-1140x291.jpg 1140w, https:\/\/key2optics.com\/wp-content\/uploads\/2022\/10\/system_diagram_olp-920x235.jpg 920w, https:\/\/key2optics.com\/wp-content\/uploads\/2022\/10\/system_diagram_olp-575x147.jpg 575w, https:\/\/key2optics.com\/wp-content\/uploads\/2022\/10\/system_diagram_olp-380x97.jpg 380w\" sizes=\"(max-width: 1690px) 100vw, 1690px\" \/><\/p>\n<\/div>\n<p><strong>OLP 1:1 Carte<\/strong><\/p>\n<p><img loading=\"lazy\" decoding=\"async\" class=\"aligncenter size-full wp-image-5335\" src=\"https:\/\/key2optics.com\/wp-content\/uploads\/2022\/10\/olp1to1.jpg\" alt=\"\" width=\"1982\" height=\"822\" srcset=\"https:\/\/key2optics.com\/wp-content\/uploads\/2022\/10\/olp1to1.jpg 1982w, https:\/\/key2optics.com\/wp-content\/uploads\/2022\/10\/olp1to1-800x332.jpg 800w, https:\/\/key2optics.com\/wp-content\/uploads\/2022\/10\/olp1to1-750x311.jpg 750w, https:\/\/key2optics.com\/wp-content\/uploads\/2022\/10\/olp1to1-768x319.jpg 768w, https:\/\/key2optics.com\/wp-content\/uploads\/2022\/10\/olp1to1-1536x637.jpg 1536w, https:\/\/key2optics.com\/wp-content\/uploads\/2022\/10\/olp1to1-18x7.jpg 18w, https:\/\/key2optics.com\/wp-content\/uploads\/2022\/10\/olp1to1-1140x473.jpg 1140w, https:\/\/key2optics.com\/wp-content\/uploads\/2022\/10\/olp1to1-920x382.jpg 920w, https:\/\/key2optics.com\/wp-content\/uploads\/2022\/10\/olp1to1-575x238.jpg 575w, https:\/\/key2optics.com\/wp-content\/uploads\/2022\/10\/olp1to1-380x158.jpg 380w\" sizes=\"(max-width: 1982px) 100vw, 1982px\" \/><\/p>\n<p><strong>Carte OLP 1+1<\/strong><\/p>\n<p><img loading=\"lazy\" decoding=\"async\" class=\"aligncenter size-full wp-image-5334\" src=\"https:\/\/key2optics.com\/wp-content\/uploads\/2022\/10\/olp1plus1.jpg\" alt=\"\" width=\"1966\" height=\"928\" srcset=\"https:\/\/key2optics.com\/wp-content\/uploads\/2022\/10\/olp1plus1.jpg 1966w, https:\/\/key2optics.com\/wp-content\/uploads\/2022\/10\/olp1plus1-800x378.jpg 800w, https:\/\/key2optics.com\/wp-content\/uploads\/2022\/10\/olp1plus1-750x354.jpg 750w, https:\/\/key2optics.com\/wp-content\/uploads\/2022\/10\/olp1plus1-768x363.jpg 768w, https:\/\/key2optics.com\/wp-content\/uploads\/2022\/10\/olp1plus1-1536x725.jpg 1536w, https:\/\/key2optics.com\/wp-content\/uploads\/2022\/10\/olp1plus1-18x8.jpg 18w, https:\/\/key2optics.com\/wp-content\/uploads\/2022\/10\/olp1plus1-1140x538.jpg 1140w, https:\/\/key2optics.com\/wp-content\/uploads\/2022\/10\/olp1plus1-920x434.jpg 920w, https:\/\/key2optics.com\/wp-content\/uploads\/2022\/10\/olp1plus1-575x271.jpg 575w, https:\/\/key2optics.com\/wp-content\/uploads\/2022\/10\/olp1plus1-380x179.jpg 380w\" sizes=\"(max-width: 1966px) 100vw, 1966px\" \/><\/p>\n<p><strong>Carte OLP 1-1<\/strong><\/p>\n<p><img loading=\"lazy\" decoding=\"async\" class=\"aligncenter size-full wp-image-5332\" src=\"https:\/\/key2optics.com\/wp-content\/uploads\/2022\/10\/olp1-1.png\" alt=\"\" width=\"1902\" height=\"782\" srcset=\"https:\/\/key2optics.com\/wp-content\/uploads\/2022\/10\/olp1-1.png 1902w, https:\/\/key2optics.com\/wp-content\/uploads\/2022\/10\/olp1-1-800x329.png 800w, https:\/\/key2optics.com\/wp-content\/uploads\/2022\/10\/olp1-1-750x308.png 750w, https:\/\/key2optics.com\/wp-content\/uploads\/2022\/10\/olp1-1-768x316.png 768w, https:\/\/key2optics.com\/wp-content\/uploads\/2022\/10\/olp1-1-1536x632.png 1536w, https:\/\/key2optics.com\/wp-content\/uploads\/2022\/10\/olp1-1-18x7.png 18w, https:\/\/key2optics.com\/wp-content\/uploads\/2022\/10\/olp1-1-1140x469.png 1140w, https:\/\/key2optics.com\/wp-content\/uploads\/2022\/10\/olp1-1-920x378.png 920w, https:\/\/key2optics.com\/wp-content\/uploads\/2022\/10\/olp1-1-575x236.png 575w, https:\/\/key2optics.com\/wp-content\/uploads\/2022\/10\/olp1-1-380x156.png 380w\" sizes=\"(max-width: 1902px) 100vw, 1902px\" \/><\/p>\n<p><strong>OLP BiDi<\/strong><\/p>\n<p><img loading=\"lazy\" decoding=\"async\" class=\"aligncenter size-full wp-image-5333\" src=\"https:\/\/key2optics.com\/wp-content\/uploads\/2022\/10\/olpbidi.png\" alt=\"\" width=\"2020\" height=\"752\" srcset=\"https:\/\/key2optics.com\/wp-content\/uploads\/2022\/10\/olpbidi.png 2020w, https:\/\/key2optics.com\/wp-content\/uploads\/2022\/10\/olpbidi-800x298.png 800w, https:\/\/key2optics.com\/wp-content\/uploads\/2022\/10\/olpbidi-750x279.png 750w, https:\/\/key2optics.com\/wp-content\/uploads\/2022\/10\/olpbidi-768x286.png 768w, https:\/\/key2optics.com\/wp-content\/uploads\/2022\/10\/olpbidi-1536x572.png 1536w, https:\/\/key2optics.com\/wp-content\/uploads\/2022\/10\/olpbidi-18x7.png 18w, https:\/\/key2optics.com\/wp-content\/uploads\/2022\/10\/olpbidi-1140x424.png 1140w, https:\/\/key2optics.com\/wp-content\/uploads\/2022\/10\/olpbidi-920x342.png 920w, https:\/\/key2optics.com\/wp-content\/uploads\/2022\/10\/olpbidi-575x214.png 575w, https:\/\/key2optics.com\/wp-content\/uploads\/2022\/10\/olpbidi-380x141.png 380w\" sizes=\"(max-width: 2020px) 100vw, 2020px\" \/><\/p>\n<p>&nbsp;<\/p>\n<div class=\"node__content clearfix\">\n<p>Veuillez t\u00e9l\u00e9charger la sp\u00e9cification d\u00e9taill\u00e9e \u00e0 partir du<a href=\"https:\/\/key2optics.com\/fr\/telecharger\/\"> Lien<\/a><\/p>\n<\/div>","protected":false},"excerpt":{"rendered":"<p>L&#039;OLP (carte de protection optique) de Key2Optics doit aider le syst\u00e8me de division de longueur d&#039;onde \u00e0 compl\u00e9ter les solutions de protection de la couche optique telles que la protection de la ligne optique 1+1 et la protection de la longueur d&#039;onde optique 1+1. Il peut surveiller les chemins optiques de routage principal et de secours en temps r\u00e9el. Dans le cas o\u00f9 le c\u0153ur de la fibre est bloqu\u00e9 ou d\u00e9grad\u00e9 en termes de performances, il peut mettre en \u0153uvre automatiquement le r\u00e9arrangement s\u00e9curis\u00e9 dans le c\u0153ur de la fibre principale et de secours, afin de garantir une r\u00e9cup\u00e9ration rapide des signaux optiques dans la ligne syst\u00e8me. La technologie OLP consiste \u00e0 compl\u00e9ter l&#039;op\u00e9ration de commutation de routage dans la couche optique. La protection de la couche optique pr\u00e9sente des avantages incomparables par rapport \u00e0 la protection des services sup\u00e9rieurs, et c&#039;est la meilleure solution pour fournir \u00e0 l&#039;utilisateur une communication ininterrompue.<\/p>","protected":false},"featured_media":5239,"comment_status":"closed","ping_status":"closed","template":"","meta":{"content-type":"","_themeisle_gutenberg_block_has_review":false},"product_cat":[154,157],"product_tag":[171],"aioseo_notices":[],"_links":{"self":[{"href":"https:\/\/key2optics.com\/fr\/wp-json\/wp\/v2\/product\/5238"}],"collection":[{"href":"https:\/\/key2optics.com\/fr\/wp-json\/wp\/v2\/product"}],"about":[{"href":"https:\/\/key2optics.com\/fr\/wp-json\/wp\/v2\/types\/product"}],"replies":[{"embeddable":true,"href":"https:\/\/key2optics.com\/fr\/wp-json\/wp\/v2\/comments?post=5238"}],"wp:featuredmedia":[{"embeddable":true,"href":"https:\/\/key2optics.com\/fr\/wp-json\/wp\/v2\/media\/5239"}],"wp:attachment":[{"href":"https:\/\/key2optics.com\/fr\/wp-json\/wp\/v2\/media?parent=5238"}],"wp:term":[{"taxonomy":"product_cat","embeddable":true,"href":"https:\/\/key2optics.com\/fr\/wp-json\/wp\/v2\/product_cat?post=5238"},{"taxonomy":"product_tag","embeddable":true,"href":"https:\/\/key2optics.com\/fr\/wp-json\/wp\/v2\/product_tag?post=5238"}],"curies":[{"name":"wp","href":"https:\/\/api.w.org\/{rel}","templated":true}]}}