{"id":5414,"date":"2022-10-13T15:24:14","date_gmt":"2022-10-13T07:24:14","guid":{"rendered":"https:\/\/key2optics.com\/?post_type=product&#038;p=5414"},"modified":"2025-09-15T10:23:15","modified_gmt":"2025-09-15T02:23:15","slug":"otn-network-management-platform","status":"publish","type":"product","link":"https:\/\/key2optics.com\/fr\/produit\/plate-forme-de-gestion-de-reseau-otn\/","title":{"rendered":"Plate-forme de gestion OTN"},"content":{"rendered":"<div class=\"node__content clearfix\">\n<div class=\"field field--name-body field--type-text-with-summary field--label-hidden field__item\">\n<p>Le r\u00e9seau OTN de Key2 Optics (What <a href=\"https:\/\/www.google.com\/search?q=wiki+what+is+otn&amp;client=safari&amp;sxsrf=ALiCzsYu3tD6cmnQ4ifTUSWdl9O4mTnPHA%3A1666782116229&amp;source=hp&amp;ei=pBNZY7abCuiiptQP-tK80AQ&amp;iflsig=AJiK0e8AAAAAY1khtLN4utTLuJcW5Muql2CIVitYwZgk&amp;ved=0ahUKEwi2_c6f3_36AhVokYkEHXopD0oQ4dUDCA4&amp;uact=5&amp;oq=wiki+what+is+otn&amp;gs_lp=Egdnd3Mtd2l6uAED-AEBMggQABiABBjLATIIEAAYgAQYywEyCBAAGIAEGMsBMggQABiABBjLATIKEAAYgAQYChjLATIIEAAYgAQYywEyCBAAGIAEGMsBMggQABiABBjLATIIEAAYgAQYywEyCBAAGIAEGMsBwgIEECMYJ8ICCxAuGIAEGNQCGMsBwgIIEC4YgAQYywFIlCFQAFjjH3AAeADIAQCQAQCYAegDoAGcFKoBBzItMi4yLjM&amp;sclient=gws-wiz\" target=\"_blank\" rel=\"noopener\">RTO<\/a> signifie\u00a0?) La plate-forme de gestion est bas\u00e9e sur l&#039;architecture B\/S. Il prend en charge la gestion unifi\u00e9e de l&#039;ensemble des produits de r\u00e9seau de communication de Key2optics et fournit les fonctions de gestion, de maintenance et de test des pannes, des performances, de la configuration et de la s\u00e9curit\u00e9 de l&#039;ensemble du syst\u00e8me de r\u00e9seau. Des fonctions de gestion de bout en bout peuvent \u00e9galement \u00eatre fournies en fonction des besoins des utilisateurs. En utilisant la plate-forme de gestion de r\u00e9seau, il peut am\u00e9liorer la qualit\u00e9 du service r\u00e9seau, r\u00e9duire les co\u00fbts de maintenance, fournir une garantie pour l&#039;utilisation rationnelle des ressources r\u00e9seau et fournir des interfaces externes standard pour la gestion sup\u00e9rieure du r\u00e9seau. La plate-forme est une solution compl\u00e8te pour l&#039;exploitation du r\u00e9seau de transport optique (OTN).<\/p>\n<p><strong>Caract\u00e9ristiques<\/strong><\/p>\n<ul>\n<li><strong>Un bouton <\/strong><strong>un<\/strong><strong>automatique <\/strong><strong>d<\/strong><strong>d\u00e9couverte<\/strong><strong>: <\/strong>Rechercher des appareils r\u00e9seau dans le processus de d\u00e9couverte automatique, identifier les types et mod\u00e8les d&#039;appareils et g\u00e9n\u00e9rer des sch\u00e9mas de panneaux d&#039;appareils<\/li>\n<li><strong>Gestion compl\u00e8te des \u00e9quipements : <\/strong>Gr\u00e2ce \u00e0 la vue topologique, il est pratique de g\u00e9rer l&#039;\u00e9quipement et ses param\u00e8tres de configuration, et prend en charge le fonctionnement associ\u00e9 de l&#039;\u00e9quipement. Il prend en charge l&#039;identification automatique du type d&#039;appareil actuel et des param\u00e8tres de configuration, ainsi qu&#039;une vue en temps r\u00e9el du fonctionnement de l&#039;\u00e9quipement.<\/li>\n<li><strong>Visuel <\/strong><strong>t<\/strong><strong>opologie <\/strong><strong>m<\/strong><strong>gestion\u00a0: <\/strong>Prend en charge la liaison de la structure arborescente\/plane pour afficher la relation de topologie du r\u00e9seau et diviser le r\u00e9seau par diff\u00e9rents modes de disposition\u00a0; Affichage en temps r\u00e9el de l&#039;\u00e9tat de l&#039;\u00e9quipement avec diff\u00e9rentes ic\u00f4nes dans la topologie\u00a0; Forme de topologie graphique et concr\u00e8te pour g\u00e9rer l&#039;\u00e9quipement, les ressources d&#039;\u00e9quipement et les liens afin de r\u00e9duire les difficult\u00e9s de maintenance et la disposition par glissement rend la configuration plus flexible.<\/li>\n<li><strong>Gestion des pannes en temps opportun\u00a0: <\/strong>plusieurs m\u00e9canismes d&#039;alarme et seuils d&#039;alarme \u00e0 configuration automatique permettent de localiser rapidement l&#039;\u00e9quipement d&#039;alarme\u00a0; collecte compl\u00e8te d&#039;informations d&#039;alarme, alarme en temps opportun et une vari\u00e9t\u00e9 de modes de pouss\u00e9e d&#039;alarme pour assurer une r\u00e9solution rapide des d\u00e9fauts, ce qui am\u00e9liore consid\u00e9rablement l&#039;efficacit\u00e9 du traitement des alarmes et r\u00e9duit les pertes caus\u00e9es par la panne.<\/li>\n<li><strong>Statistiques d\u00e9taill\u00e9es du rapport\u00a0: <\/strong>avec la fonction statistique de plusieurs donn\u00e9es, des graphiques statistiques peuvent \u00eatre export\u00e9s ou imprim\u00e9s \u00e0 des fins de sauvegarde ou de comparaison\u00a0; Gr\u00e2ce \u00e0 diff\u00e9rents types d&#039;affichage de cartes, les utilisateurs peuvent avoir une compr\u00e9hension compl\u00e8te et intuitive de l&#039;ensemble du r\u00e9seau. Et gr\u00e2ce \u00e0 l&#039;analyse des donn\u00e9es, la situation du r\u00e9seau peut \u00eatre comprise de mani\u00e8re globale pour fournir une base \u00e0 la prise de d\u00e9cision.<\/li>\n<li><strong>Contr\u00f4le approfondi <\/strong><strong>de <\/strong><strong>\u00c9quipement: <\/strong>Chaque appareil peut \u00eatre configur\u00e9\/sauvegard\u00e9 et le logiciel peut \u00eatre mis \u00e0 niveau pour r\u00e9duire la charge de travail des administrateurs et am\u00e9liorer la disponibilit\u00e9 du syst\u00e8me. Prend en charge les fonctions de mise \u00e0 niveau, de sauvegarde et de r\u00e9cup\u00e9ration des fichiers de configuration pour les p\u00e9riph\u00e9riques uniques et par lots\u00a0; la gestion de la configuration, la gestion des logiciels de l&#039;\u00e9quipement et la gestion des param\u00e8tres de l&#039;\u00e9quipement pour vous aider \u00e0 r\u00e9duire la charge de travail.<\/li>\n<li><strong>Gestion de la s\u00e9curit\u00e9 \u00e0 plusieurs niveaux : <\/strong>En configurant le r\u00e9seau d&#039;utilisateurs et les droits des utilisateurs, et en contr\u00f4lant la liste noire et blanche, nous pouvons am\u00e9liorer la s\u00e9curit\u00e9 du r\u00e9seau \u00e0 plusieurs niveaux et sous plusieurs angles, et nous assurer que l&#039;ensemble du syst\u00e8me est hors de toute interconnexion suspecte.<\/li>\n<\/ul>\n<p><strong>Solution de mise en r\u00e9seau<\/strong><\/p>\n<p><img loading=\"lazy\" decoding=\"async\" class=\"aligncenter size-full wp-image-5012\" src=\"https:\/\/key2optics.com\/wp-content\/uploads\/2022\/09\/Networking.jpg\" alt=\"\" width=\"1536\" height=\"388\" srcset=\"https:\/\/key2optics.com\/wp-content\/uploads\/2022\/09\/Networking.jpg 1536w, https:\/\/key2optics.com\/wp-content\/uploads\/2022\/09\/Networking-800x202.jpg 800w, https:\/\/key2optics.com\/wp-content\/uploads\/2022\/09\/Networking-750x189.jpg 750w, https:\/\/key2optics.com\/wp-content\/uploads\/2022\/09\/Networking-768x194.jpg 768w, https:\/\/key2optics.com\/wp-content\/uploads\/2022\/09\/Networking-18x5.jpg 18w, https:\/\/key2optics.com\/wp-content\/uploads\/2022\/09\/Networking-1140x288.jpg 1140w, https:\/\/key2optics.com\/wp-content\/uploads\/2022\/09\/Networking-920x232.jpg 920w, https:\/\/key2optics.com\/wp-content\/uploads\/2022\/09\/Networking-575x145.jpg 575w, https:\/\/key2optics.com\/wp-content\/uploads\/2022\/09\/Networking-380x96.jpg 380w\" sizes=\"(max-width: 1536px) 100vw, 1536px\" \/><\/p>\n<p><strong>Sch\u00e9ma du syst\u00e8me et plate-forme de gestion<\/strong><\/p>\n<p><img loading=\"lazy\" decoding=\"async\" class=\"aligncenter wp-image-5169 size-full\" src=\"https:\/\/key2optics.com\/wp-content\/uploads\/2022\/09\/wdm_system_diagram.jpg\" alt=\"\" width=\"1280\" height=\"743\" srcset=\"https:\/\/key2optics.com\/wp-content\/uploads\/2022\/09\/wdm_system_diagram.jpg 1280w, https:\/\/key2optics.com\/wp-content\/uploads\/2022\/09\/wdm_system_diagram-800x464.jpg 800w, https:\/\/key2optics.com\/wp-content\/uploads\/2022\/09\/wdm_system_diagram-750x435.jpg 750w, https:\/\/key2optics.com\/wp-content\/uploads\/2022\/09\/wdm_system_diagram-768x446.jpg 768w, https:\/\/key2optics.com\/wp-content\/uploads\/2022\/09\/wdm_system_diagram-18x10.jpg 18w, https:\/\/key2optics.com\/wp-content\/uploads\/2022\/09\/wdm_system_diagram-1140x662.jpg 1140w, https:\/\/key2optics.com\/wp-content\/uploads\/2022\/09\/wdm_system_diagram-920x534.jpg 920w, https:\/\/key2optics.com\/wp-content\/uploads\/2022\/09\/wdm_system_diagram-575x334.jpg 575w, https:\/\/key2optics.com\/wp-content\/uploads\/2022\/09\/wdm_system_diagram-380x221.jpg 380w\" sizes=\"(max-width: 1280px) 100vw, 1280px\" \/><\/p>\n<\/div>\n<p><strong>Interface utilisateur Web de la plate-forme<\/strong><\/p>\n<div class=\"field field--name-body field--type-text-with-summary field--label-hidden field__item\">\n<p><img loading=\"lazy\" decoding=\"async\" class=\"aligncenter size-full wp-image-5419\" src=\"https:\/\/key2optics.com\/wp-content\/uploads\/2022\/10\/WDM-platform-UI.jpg\" alt=\"\" width=\"2196\" height=\"1248\" srcset=\"https:\/\/key2optics.com\/wp-content\/uploads\/2022\/10\/WDM-platform-UI.jpg 2196w, https:\/\/key2optics.com\/wp-content\/uploads\/2022\/10\/WDM-platform-UI-800x455.jpg 800w, https:\/\/key2optics.com\/wp-content\/uploads\/2022\/10\/WDM-platform-UI-750x426.jpg 750w, https:\/\/key2optics.com\/wp-content\/uploads\/2022\/10\/WDM-platform-UI-768x436.jpg 768w, https:\/\/key2optics.com\/wp-content\/uploads\/2022\/10\/WDM-platform-UI-1536x873.jpg 1536w, https:\/\/key2optics.com\/wp-content\/uploads\/2022\/10\/WDM-platform-UI-2048x1164.jpg 2048w, https:\/\/key2optics.com\/wp-content\/uploads\/2022\/10\/WDM-platform-UI-18x10.jpg 18w, https:\/\/key2optics.com\/wp-content\/uploads\/2022\/10\/WDM-platform-UI-1140x648.jpg 1140w, https:\/\/key2optics.com\/wp-content\/uploads\/2022\/10\/WDM-platform-UI-920x523.jpg 920w, https:\/\/key2optics.com\/wp-content\/uploads\/2022\/10\/WDM-platform-UI-575x327.jpg 575w, https:\/\/key2optics.com\/wp-content\/uploads\/2022\/10\/WDM-platform-UI-380x216.jpg 380w\" sizes=\"(max-width: 2196px) 100vw, 2196px\" \/><\/p>\n<\/div>\n<p><img loading=\"lazy\" decoding=\"async\" class=\"aligncenter wp-image-5014 size-full\" src=\"https:\/\/key2optics.com\/wp-content\/uploads\/2022\/09\/otn_cms.jpg\" alt=\"\" width=\"1280\" height=\"1280\" srcset=\"https:\/\/key2optics.com\/wp-content\/uploads\/2022\/09\/otn_cms.jpg 1280w, https:\/\/key2optics.com\/wp-content\/uploads\/2022\/09\/otn_cms-420x420.jpg 420w, https:\/\/key2optics.com\/wp-content\/uploads\/2022\/09\/otn_cms-100x100.jpg 100w, https:\/\/key2optics.com\/wp-content\/uploads\/2022\/09\/otn_cms-800x800.jpg 800w, https:\/\/key2optics.com\/wp-content\/uploads\/2022\/09\/otn_cms-480x480.jpg 480w, https:\/\/key2optics.com\/wp-content\/uploads\/2022\/09\/otn_cms-180x180.jpg 180w, https:\/\/key2optics.com\/wp-content\/uploads\/2022\/09\/otn_cms-768x768.jpg 768w, https:\/\/key2optics.com\/wp-content\/uploads\/2022\/09\/otn_cms-12x12.jpg 12w, https:\/\/key2optics.com\/wp-content\/uploads\/2022\/09\/otn_cms-1140x1140.jpg 1140w, https:\/\/key2optics.com\/wp-content\/uploads\/2022\/09\/otn_cms-920x920.jpg 920w, https:\/\/key2optics.com\/wp-content\/uploads\/2022\/09\/otn_cms-575x575.jpg 575w, https:\/\/key2optics.com\/wp-content\/uploads\/2022\/09\/otn_cms-380x380.jpg 380w\" sizes=\"(max-width: 1280px) 100vw, 1280px\" \/><\/p>\n<p>Veuillez t\u00e9l\u00e9charger la sp\u00e9cification d\u00e9taill\u00e9e \u00e0 partir du<a href=\"https:\/\/key2optics.com\/fr\/telecharger\/\"> Lien<\/a><\/p>\n<\/div>\n<p><span id=\"pv-float-bar-container\" style=\"display: none; top: 2250px; right: 25px; opacity: 0.01;\"><\/span><\/p>","protected":false},"excerpt":{"rendered":"<p>La plate-forme de gestion de r\u00e9seau OTN de Key2 Optics est bas\u00e9e sur l&#039;architecture B\/S. Il prend en charge la gestion unifi\u00e9e de l&#039;ensemble des produits de r\u00e9seau de communication de Key2optics et fournit les fonctions de gestion, de maintenance et de test des pannes, des performances, de la configuration et de la s\u00e9curit\u00e9 de l&#039;ensemble du syst\u00e8me de r\u00e9seau. La fonction de gestion de bout en bout peut \u00e9galement \u00eatre fournie en fonction des besoins des utilisateurs. En utilisant la plate-forme de gestion de r\u00e9seau, il peut am\u00e9liorer la qualit\u00e9 du service r\u00e9seau, r\u00e9duire les co\u00fbts de maintenance, fournir une garantie pour l&#039;utilisation rationnelle des ressources r\u00e9seau et fournir des interfaces externes standard pour la gestion sup\u00e9rieure du r\u00e9seau. La plate-forme est une solution compl\u00e8te pour l&#039;exploitation du r\u00e9seau de transport optique (OTN).<\/p>","protected":false},"featured_media":5147,"comment_status":"closed","ping_status":"closed","template":"","meta":{"content-type":"","_themeisle_gutenberg_block_has_review":false},"product_cat":[154],"product_tag":[177],"aioseo_notices":[],"_links":{"self":[{"href":"https:\/\/key2optics.com\/fr\/wp-json\/wp\/v2\/product\/5414"}],"collection":[{"href":"https:\/\/key2optics.com\/fr\/wp-json\/wp\/v2\/product"}],"about":[{"href":"https:\/\/key2optics.com\/fr\/wp-json\/wp\/v2\/types\/product"}],"replies":[{"embeddable":true,"href":"https:\/\/key2optics.com\/fr\/wp-json\/wp\/v2\/comments?post=5414"}],"wp:featuredmedia":[{"embeddable":true,"href":"https:\/\/key2optics.com\/fr\/wp-json\/wp\/v2\/media\/5147"}],"wp:attachment":[{"href":"https:\/\/key2optics.com\/fr\/wp-json\/wp\/v2\/media?parent=5414"}],"wp:term":[{"taxonomy":"product_cat","embeddable":true,"href":"https:\/\/key2optics.com\/fr\/wp-json\/wp\/v2\/product_cat?post=5414"},{"taxonomy":"product_tag","embeddable":true,"href":"https:\/\/key2optics.com\/fr\/wp-json\/wp\/v2\/product_tag?post=5414"}],"curies":[{"name":"wp","href":"https:\/\/api.w.org\/{rel}","templated":true}]}}