{"id":5455,"date":"2022-10-18T17:56:00","date_gmt":"2022-10-18T09:56:00","guid":{"rendered":"https:\/\/key2optics.com\/?post_type=product&#038;p=5455"},"modified":"2025-09-15T10:23:14","modified_gmt":"2025-09-15T02:23:14","slug":"awg-dwdm","status":"publish","type":"product","link":"https:\/\/key2optics.com\/fr\/produit\/awg-dwdm\/","title":{"rendered":"AAWG DWDM"},"content":{"rendered":"<div class=\"node__content clearfix\">\n<div class=\"field field--name-body field--type-text-with-summary field--label-hidden field__item\">\n<p>Le AAWG (Athermal Arrayed Waveguide Grating) (Wiki\u00a0: <a href=\"https:\/\/en.wikipedia.org\/wiki\/Arrayed_waveguide_grating\">Qu&#039;est-ce qu&#039;AWG<\/a>?) DWDM est bas\u00e9 sur la technologie de r\u00e9seau de guide d&#039;ondes sur des substrats de silicium qui a une conception unique de bo\u00eetier sans chaleur. Il peut r\u00e9aliser un couplage pr\u00e9cis des canaux sans alimentation, logiciel ou contr\u00f4le de temp\u00e9rature. Il pr\u00e9sente une s\u00e9rie d&#039;avantages tels qu&#039;une faible perte d&#039;insertion, une isolation \u00e9lev\u00e9e des canaux et une grande stabilit\u00e9. Il existe des types de type Gauss et des types \u00e0 dessus plat en option.<\/p>\n<p>AAWG est id\u00e9al pour augmenter la capacit\u00e9 de fibre entre deux sites sans avoir besoin d&#039;installer ou de louer une fibre suppl\u00e9mentaire. La solution passive compl\u00e8te ne n\u00e9cessite aucun c\u00e2ble d&#039;alimentation et aucune configuration\u00a0; c&#039;est une v\u00e9ritable solution plug-and-play. L&#039;AAWG maintient l&#039;\u00e9quipement actif s\u00e9par\u00e9 des composants de multiplexage en longueur d&#039;onde. Il peut \u00eatre utilis\u00e9 en conjonction avec Key2optics ou tout autre \u00e9quipement optique actif du fabricant compatible DWDM.<\/p>\n<p><strong>Caract\u00e9ristiques<\/strong><\/p>\n<ul>\n<li>Faible perte d&#039;insertion (IL)<\/li>\n<li>Isolation \u00e9lev\u00e9e des canaux<\/li>\n<li>Haute stabilit\u00e9 et fiabilit\u00e9<\/li>\n<li>40\/48\/80\/96 canaux en option avec bo\u00eetier ABS ou ch\u00e2ssis 1U<\/li>\n<li><span lang=\"EN-US\">Large plage de longueurs d&#039;onde de fonctionnement<\/span><\/li>\n<li><span lang=\"EN-US\">Conforme \u00e0 ITU-T G.694.1.<\/span><\/li>\n<li><span lang=\"EN-US\">Conforme \u00e0 Telcordia GR-1209-CORE-2001.<\/span><\/li>\n<li><span lang=\"EN-US\">Conforme \u00e0 Telcordia GR-1221-CORE-1999.<\/span><\/li>\n<li><span lang=\"EN-US\">Conforme RoHS-6 (sans plomb)<\/span><\/li>\n<\/ul>\n<p><strong>Diagramme de r\u00e9seau<\/strong><\/p>\n<p><img loading=\"lazy\" decoding=\"async\" class=\"aligncenter wp-image-5458 size-full\" src=\"https:\/\/key2optics.com\/wp-content\/uploads\/2022\/10\/AAWG.jpeg\" alt=\"aawg-diagramme\" width=\"479\" height=\"229\" srcset=\"https:\/\/key2optics.com\/wp-content\/uploads\/2022\/10\/AAWG.jpeg 479w, https:\/\/key2optics.com\/wp-content\/uploads\/2022\/10\/AAWG-18x9.jpeg 18w, https:\/\/key2optics.com\/wp-content\/uploads\/2022\/10\/AAWG-380x182.jpeg 380w\" sizes=\"(max-width: 479px) 100vw, 479px\" \/><\/p>\n<\/div>\n<\/div>\n<p align=\"left\"><strong><span lang=\"EN-US\">sp\u00e9cification<\/span><\/strong><\/p>\n<table width=\"859\" cellspacing=\"0\" cellpadding=\"10\">\n<colgroup>\n<col width=\"279\" \/>\n<col width=\"120\" \/>\n<col width=\"120\" \/>\n<col width=\"120\" \/>\n<col width=\"119\" \/><\/colgroup>\n<tbody>\n<tr>\n<td bgcolor=\"#000000\" width=\"279\">\n<p class=\"cjk\"><span style=\"color: #ffffff;\"><span lang=\"en-US\" style=\"font-size: medium;\">sp\u00e9cification<\/span><\/span><\/p>\n<\/td>\n<td colspan=\"4\" bgcolor=\"#000000\" width=\"538\">\n<p class=\"cjk\"><span style=\"color: #ffffff;\"><span lang=\"en-US\" style=\"font-size: medium;\">MUX\/DEMUX DWDM AAWG<\/span><\/span><\/p>\n<\/td>\n<\/tr>\n<tr>\n<td bgcolor=\"#FFFFFF\" width=\"279\">\n<p class=\"cjk\"><span lang=\"en-US\" style=\"font-size: medium;\">Espacement des canaux<\/span><\/p>\n<\/td>\n<td colspan=\"2\" bgcolor=\"#FFFFFF\" width=\"260\">\n<p class=\"cjk\"><span lang=\"en-US\" style=\"font-size: medium;\">50GHz<\/span><\/p>\n<\/td>\n<td colspan=\"2\" bgcolor=\"#FFFFFF\" width=\"259\">\n<p class=\"cjk\"><span lang=\"en-US\" style=\"font-size: medium;\">100GHz<\/span><\/p>\n<\/td>\n<\/tr>\n<tr>\n<td bgcolor=\"#FFFFFF\" width=\"279\">\n<p class=\"cjk\"><span lang=\"en-US\" style=\"font-size: medium;\">Type de canal<\/span><\/p>\n<\/td>\n<td bgcolor=\"#FFFFFF\" width=\"120\">\n<p class=\"cjk\"><span lang=\"en-US\" style=\"font-size: medium;\">Haut plat<\/span><\/p>\n<\/td>\n<td bgcolor=\"#FFFFFF\" width=\"120\">\n<p class=\"cjk\"><span lang=\"en-US\" style=\"font-size: medium;\">Gauss<\/span><\/p>\n<\/td>\n<td bgcolor=\"#FFFFFF\" width=\"120\">\n<p class=\"cjk\"><span lang=\"en-US\" style=\"font-size: medium;\">Haut plat<\/span><\/p>\n<\/td>\n<td bgcolor=\"#FFFFFF\" width=\"119\">\n<p class=\"cjk\"><span lang=\"en-US\" style=\"font-size: medium;\">Gauss<\/span><\/p>\n<\/td>\n<\/tr>\n<tr>\n<td bgcolor=\"#FFFFFF\" width=\"279\">\n<p class=\"cjk\"><span lang=\"en-US\" style=\"font-size: medium;\">Le num\u00e9ro de canal<\/span><\/p>\n<\/td>\n<td colspan=\"2\" bgcolor=\"#FFFFFF\" width=\"260\">\n<p class=\"cjk\"><span lang=\"en-US\" style=\"font-size: medium;\">80\/96<\/span><\/p>\n<\/td>\n<td colspan=\"2\" bgcolor=\"#FFFFFF\" width=\"259\">\n<p class=\"cjk\"><span lang=\"en-US\" style=\"font-size: medium;\">40\/48<\/span><\/p>\n<\/td>\n<\/tr>\n<tr>\n<td bgcolor=\"#FFFFFF\" width=\"279\">\n<p class=\"cjk\"><span lang=\"en-US\" style=\"font-size: medium;\">Pr\u00e9cision de la longueur d&#039;onde (nm)<\/span><\/p>\n<\/td>\n<td colspan=\"4\" bgcolor=\"#FFFFFF\" width=\"538\">\n<p class=\"cjk\"><span lang=\"en-US\" style=\"font-size: medium;\">\u00b10,05<\/span><\/p>\n<\/td>\n<\/tr>\n<tr>\n<td bgcolor=\"#FFFFFF\" width=\"279\">\n<p class=\"cjk\"><span lang=\"en-US\" style=\"font-size: medium;\">-1dB de bande passante (nm)<\/span><\/p>\n<\/td>\n<td bgcolor=\"#FFFFFF\" width=\"120\">\n<p class=\"cjk\"><span lang=\"en-US\" style=\"font-size: medium;\">&gt;0,34<\/span><\/p>\n<\/td>\n<td bgcolor=\"#FFFFFF\" width=\"120\">\n<p class=\"cjk\"><span lang=\"en-US\" style=\"font-size: medium;\">&gt;0,24<\/span><\/p>\n<\/td>\n<td bgcolor=\"#FFFFFF\" width=\"120\">\n<p class=\"cjk\"><span lang=\"en-US\" style=\"font-size: medium;\">&gt;0,38<\/span><\/p>\n<\/td>\n<td bgcolor=\"#FFFFFF\" width=\"119\">\n<p class=\"cjk\"><span lang=\"en-US\" style=\"font-size: medium;\">&gt;0,2<\/span><\/p>\n<\/td>\n<\/tr>\n<tr>\n<td bgcolor=\"#FFFFFF\" width=\"279\">\n<p class=\"cjk\"><span lang=\"en-US\" style=\"font-size: medium;\">-3dB de bande passante (nm)<\/span><\/p>\n<\/td>\n<td bgcolor=\"#FFFFFF\" width=\"120\">\n<p class=\"cjk\"><span lang=\"en-US\" style=\"font-size: medium;\">&gt;0,51<\/span><\/p>\n<\/td>\n<td bgcolor=\"#FFFFFF\" width=\"120\">\n<p class=\"cjk\"><span lang=\"en-US\" style=\"font-size: medium;\">&gt;0,3<\/span><\/p>\n<\/td>\n<td bgcolor=\"#FFFFFF\" width=\"120\">\n<p class=\"cjk\"><span lang=\"en-US\" style=\"font-size: medium;\">&gt;0,58<\/span><\/p>\n<\/td>\n<td bgcolor=\"#FFFFFF\" width=\"119\">\n<p class=\"cjk\"><span lang=\"en-US\" style=\"font-size: medium;\">&gt;0,4<\/span><\/p>\n<\/td>\n<\/tr>\n<tr>\n<td bgcolor=\"#FFFFFF\" width=\"279\">\n<p class=\"cjk\"><span lang=\"en-US\" style=\"font-size: medium;\">Perte d&#039;insertion de canal (dB)<\/span><\/p>\n<\/td>\n<td bgcolor=\"#FFFFFF\" width=\"120\">\n<p class=\"cjk\"><span lang=\"en-US\" style=\"font-size: medium;\">&lt;7.0<\/span><\/p>\n<\/td>\n<td bgcolor=\"#FFFFFF\" width=\"120\">\n<p class=\"cjk\"><span lang=\"en-US\" style=\"font-size: medium;\">&lt;6.0<\/span><\/p>\n<\/td>\n<td bgcolor=\"#FFFFFF\" width=\"120\">\n<p class=\"cjk\"><span lang=\"en-US\" style=\"font-size: medium;\">&lt;5.5<\/span><\/p>\n<\/td>\n<td bgcolor=\"#FFFFFF\" width=\"119\">\n<p class=\"cjk\"><span lang=\"en-US\" style=\"font-size: medium;\">&lt;3,5<\/span><\/p>\n<\/td>\n<\/tr>\n<tr>\n<td bgcolor=\"#FFFFFF\" width=\"279\">\n<p class=\"cjk\"><span lang=\"en-US\" style=\"font-size: medium;\">Isolation des canaux adjacents (dB)<\/span><\/p>\n<\/td>\n<td colspan=\"2\" bgcolor=\"#FFFFFF\" width=\"260\">\n<p class=\"cjk\"><span lang=\"en-US\" style=\"font-size: medium;\">&gt;26<\/span><\/p>\n<\/td>\n<td bgcolor=\"#FFFFFF\" width=\"120\">\n<p class=\"cjk\"><span lang=\"en-US\" style=\"font-size: medium;\">&gt;23<\/span><\/p>\n<\/td>\n<td bgcolor=\"#FFFFFF\" width=\"119\">\n<p class=\"cjk\"><span lang=\"en-US\" style=\"font-size: medium;\">&gt;26<\/span><\/p>\n<\/td>\n<\/tr>\n<tr>\n<td bgcolor=\"#FFFFFF\" width=\"279\">\n<p class=\"cjk\"><span lang=\"en-US\" style=\"font-size: medium;\">Isolation des canaux non adjacents (dB)<\/span><\/p>\n<\/td>\n<td colspan=\"4\" bgcolor=\"#FFFFFF\" width=\"538\">\n<p class=\"cjk\"><span lang=\"en-US\" style=\"font-size: medium;\">&gt;30<\/span><\/p>\n<\/td>\n<\/tr>\n<tr>\n<td bgcolor=\"#FFFFFF\" width=\"279\">\n<p class=\"cjk\"><span lang=\"en-US\" style=\"font-size: medium;\">Isolation totale (dB)<\/span><\/p>\n<\/td>\n<td colspan=\"2\" bgcolor=\"#FFFFFF\" width=\"260\">\n<p class=\"cjk\"><span lang=\"en-US\" style=\"font-size: medium;\">&gt;20<\/span><\/p>\n<\/td>\n<td colspan=\"2\" bgcolor=\"#FFFFFF\" width=\"259\">\n<p class=\"cjk\"><span lang=\"en-US\" style=\"font-size: medium;\">&gt;21<\/span><\/p>\n<\/td>\n<\/tr>\n<tr>\n<td bgcolor=\"#FFFFFF\" width=\"279\">\n<p class=\"cjk\"><span lang=\"en-US\" style=\"font-size: medium;\">Plan\u00e9it\u00e9 (dB)<\/span><\/p>\n<\/td>\n<td colspan=\"4\" bgcolor=\"#FFFFFF\" width=\"538\">\n<p class=\"cjk\"><span lang=\"en-US\" style=\"font-size: medium;\">&lt;1,5<\/span><\/p>\n<\/td>\n<\/tr>\n<tr>\n<td bgcolor=\"#FFFFFF\" width=\"279\">\n<p class=\"cjk\"><span lang=\"en-US\" style=\"font-size: medium;\">Perte de retour (dB)<\/span><\/p>\n<\/td>\n<td colspan=\"4\" bgcolor=\"#FFFFFF\" width=\"538\">\n<p class=\"cjk\"><span lang=\"en-US\" style=\"font-size: medium;\">&gt;40<\/span><\/p>\n<\/td>\n<\/tr>\n<tr>\n<td bgcolor=\"#FFFFFF\" width=\"279\">\n<p class=\"cjk\"><span lang=\"en-US\" style=\"font-size: medium;\">Directivit\u00e9 (dB)<\/span><\/p>\n<\/td>\n<td colspan=\"4\" bgcolor=\"#FFFFFF\" width=\"538\">\n<p class=\"cjk\"><span lang=\"en-US\" style=\"font-size: medium;\">&gt;50<\/span><\/p>\n<\/td>\n<\/tr>\n<tr>\n<td bgcolor=\"#FFFFFF\" width=\"279\">\n<p class=\"cjk\"><span lang=\"en-US\" style=\"font-size: medium;\">Perte d\u00e9pendante de la polarisation (dB)<\/span><\/p>\n<\/td>\n<td colspan=\"4\" bgcolor=\"#FFFFFF\" width=\"538\">\n<p class=\"cjk\"><span lang=\"en-US\" style=\"font-size: medium;\">&lt;0,5<\/span><\/p>\n<\/td>\n<\/tr>\n<tr>\n<td bgcolor=\"#FFFFFF\" width=\"279\">\n<p class=\"cjk\"><span lang=\"en-US\" style=\"font-size: medium;\">Dispersion du mode de polarisation (ps)<\/span><\/p>\n<\/td>\n<td colspan=\"4\" bgcolor=\"#FFFFFF\" width=\"538\">\n<p class=\"cjk\"><span lang=\"en-US\" style=\"font-size: medium;\">&lt;0,5<\/span><\/p>\n<\/td>\n<\/tr>\n<tr>\n<td bgcolor=\"#FFFFFF\" width=\"279\">\n<p class=\"cjk\"><span lang=\"en-US\" style=\"font-size: medium;\">Temp\u00e9rature de fonctionnement (\u00b0C)<\/span><\/p>\n<\/td>\n<td colspan=\"4\" bgcolor=\"#FFFFFF\" width=\"538\">\n<p class=\"cjk\"><span lang=\"en-US\" style=\"font-size: medium;\">-10~+70<\/span><\/p>\n<\/td>\n<\/tr>\n<tr>\n<td bgcolor=\"#FFFFFF\" width=\"279\">\n<p class=\"cjk\"><span lang=\"en-US\" style=\"font-size: medium;\">Temp\u00e9rature de stockage (\u00b0C)<\/span><\/p>\n<\/td>\n<td colspan=\"4\" bgcolor=\"#FFFFFF\" width=\"538\">\n<p class=\"cjk\"><span lang=\"en-US\" style=\"font-size: medium;\">-40 ~+85<\/span><\/p>\n<\/td>\n<\/tr>\n<tr>\n<td bgcolor=\"#FFFFFF\" width=\"279\">\n<p class=\"cjk\"><span lang=\"en-US\" style=\"font-size: medium;\">Type d&#039;emballage<\/span><\/p>\n<\/td>\n<td colspan=\"4\" valign=\"top\" bgcolor=\"#FFFFFF\" width=\"538\">\n<p class=\"cjk\"><span lang=\"en-US\" style=\"font-size: medium;\">Bo\u00eetier ABS, rack 19 pouces standard 1U<\/span><\/p>\n<\/td>\n<\/tr>\n<\/tbody>\n<\/table>\n<p>Veuillez t\u00e9l\u00e9charger la sp\u00e9cification \u00e0 partir du <a href=\"https:\/\/key2optics.com\/fr\/telecharger\/\">lien<\/a><\/p>\n<p>&nbsp;<\/p>\n<p>&nbsp;<\/p>\n<p>&nbsp;<\/p>","protected":false},"excerpt":{"rendered":"<p>L&#039;AAWG (Athermal Arrayed Waveguide Grating) est bas\u00e9 sur la technologie de r\u00e9seau de guides d&#039;ondes sur des substrats de silicium qui a une conception de bo\u00eetier unique sans chaleur. Il peut r\u00e9aliser un couplage pr\u00e9cis des canaux sans alimentation, logiciel ou contr\u00f4le de temp\u00e9rature. Il pr\u00e9sente une s\u00e9rie d&#039;avantages tels qu&#039;une faible perte d&#039;insertion, une isolation \u00e9lev\u00e9e des canaux et une grande stabilit\u00e9. Il existe des types de type Gauss et des types \u00e0 dessus plat en option.<\/p>","protected":false},"featured_media":5456,"comment_status":"closed","ping_status":"closed","template":"","meta":{"content-type":"","_themeisle_gutenberg_block_has_review":false},"product_cat":[71],"product_tag":[179],"aioseo_notices":[],"_links":{"self":[{"href":"https:\/\/key2optics.com\/fr\/wp-json\/wp\/v2\/product\/5455"}],"collection":[{"href":"https:\/\/key2optics.com\/fr\/wp-json\/wp\/v2\/product"}],"about":[{"href":"https:\/\/key2optics.com\/fr\/wp-json\/wp\/v2\/types\/product"}],"replies":[{"embeddable":true,"href":"https:\/\/key2optics.com\/fr\/wp-json\/wp\/v2\/comments?post=5455"}],"wp:featuredmedia":[{"embeddable":true,"href":"https:\/\/key2optics.com\/fr\/wp-json\/wp\/v2\/media\/5456"}],"wp:attachment":[{"href":"https:\/\/key2optics.com\/fr\/wp-json\/wp\/v2\/media?parent=5455"}],"wp:term":[{"taxonomy":"product_cat","embeddable":true,"href":"https:\/\/key2optics.com\/fr\/wp-json\/wp\/v2\/product_cat?post=5455"},{"taxonomy":"product_tag","embeddable":true,"href":"https:\/\/key2optics.com\/fr\/wp-json\/wp\/v2\/product_tag?post=5455"}],"curies":[{"name":"wp","href":"https:\/\/api.w.org\/{rel}","templated":true}]}}