{"id":5463,"date":"2022-10-19T16:27:57","date_gmt":"2022-10-19T08:27:57","guid":{"rendered":"https:\/\/key2optics.com\/?post_type=product&#038;p=5463"},"modified":"2025-09-15T10:23:13","modified_gmt":"2025-09-15T02:23:13","slug":"dwdm-oadm","status":"publish","type":"product","link":"https:\/\/key2optics.com\/fr\/produit\/dwdm-oadm\/","title":{"rendered":"DWDMOADM"},"content":{"rendered":"<div class=\"node__content clearfix\">\n<div class=\"field field--name-body field--type-text-with-summary field--label-hidden field__item\">\n<p>Key2 Optics Passif DWDM OADM (Wiki\u00a0: <a href=\"https:\/\/en.wikipedia.org\/wiki\/Optical_add-drop_multiplexer\">Qu&#039;est-ce qu&#039;OADM ?<\/a>) est bas\u00e9 sur la technologie de filtre \u00e0 couche mince (TFF) et fonctionne sur une grille ITU avec un espacement des canaux de 100 GHz. La gamme de longueurs d&#039;onde DWDM est de 1525nm \u00e0 1565nm, et la longueur d&#039;onde du canal ITU est s\u00e9lectionnable; il pr\u00e9sente une s\u00e9rie d&#039;avantages tels que plusieurs structures de bo\u00eetier, une faible perte d&#039;insertion et une isolation \u00e9lev\u00e9e des canaux.<\/p>\n<p><strong>Caract\u00e9ristiques<\/strong><\/p>\n<ul>\n<li><span lang=\"EN-US\">Faible perte d&#039;insertion (IL)\u00a0<\/span><\/li>\n<li><span lang=\"EN-US\">Isolation \u00e9lev\u00e9e des canaux<\/span><\/li>\n<li><span lang=\"EN-US\">Haute stabilit\u00e9 et fiabilit\u00e9<\/span><\/li>\n<li><span lang=\"EN-US\">Large plage de longueurs d&#039;onde de fonctionnement<\/span><\/li>\n<li><span lang=\"EN-US\">Conforme \u00e0 ITU-T G.694.1.<\/span><\/li>\n<li><span lang=\"EN-US\">Conforme \u00e0 Telcordia GR-1209-CORE-2001.<\/span><\/li>\n<li><span lang=\"EN-US\">Conforme \u00e0 Telcordia GR-1221-CORE-1999.<\/span><\/li>\n<li><span lang=\"EN-US\">Conforme RoHS-6 (sans plomb)<\/span><\/li>\n<li>Jusqu&#039;\u00e0 16 canaux DWDM<\/li>\n<\/ul>\n<p><strong>Diagramme de r\u00e9seau<\/strong><\/p>\n<p><img loading=\"lazy\" decoding=\"async\" class=\"aligncenter size-full wp-image-5472\" src=\"https:\/\/key2optics.com\/wp-content\/uploads\/2022\/10\/DWDM-OADM.jpeg\" alt=\"\" width=\"800\" height=\"389\" srcset=\"https:\/\/key2optics.com\/wp-content\/uploads\/2022\/10\/DWDM-OADM.jpeg 800w, https:\/\/key2optics.com\/wp-content\/uploads\/2022\/10\/DWDM-OADM-750x365.jpeg 750w, https:\/\/key2optics.com\/wp-content\/uploads\/2022\/10\/DWDM-OADM-768x373.jpeg 768w, https:\/\/key2optics.com\/wp-content\/uploads\/2022\/10\/DWDM-OADM-18x9.jpeg 18w, https:\/\/key2optics.com\/wp-content\/uploads\/2022\/10\/DWDM-OADM-575x280.jpeg 575w, https:\/\/key2optics.com\/wp-content\/uploads\/2022\/10\/DWDM-OADM-380x185.jpeg 380w\" sizes=\"(max-width: 800px) 100vw, 800px\" \/><\/p>\n<\/div>\n<\/div>\n<p align=\"left\"><strong><span lang=\"EN-US\">sp\u00e9cification<\/span><\/strong><\/p>\n<table class=\"Table\" border=\"1\" cellspacing=\"0\">\n<tbody>\n<tr>\n<td bgcolor=\"#000000\" width=\"208\">\n<p align=\"left\"><span style=\"color: #ffffff;\"><strong><span lang=\"EN-US\">Param\u00e8tre<\/span><\/strong><\/span><\/p>\n<\/td>\n<td colspan=\"5\" bgcolor=\"#000000\" width=\"392\">\n<p align=\"center\"><span style=\"color: #ffffff;\"><strong><span lang=\"EN-US\">DWDMOADM<\/span><\/strong><\/span><\/p>\n<\/td>\n<\/tr>\n<tr>\n<td width=\"208\"><strong><span lang=\"EN-US\">Le num\u00e9ro de canal<\/span><\/strong><\/td>\n<td width=\"78\">\n<p align=\"center\"><span lang=\"EN-US\">1<\/span><\/p>\n<\/td>\n<td width=\"78\">\n<p align=\"center\"><span lang=\"EN-US\">2<\/span><\/p>\n<\/td>\n<td width=\"78\">\n<p align=\"center\"><span lang=\"EN-US\">4<\/span><\/p>\n<\/td>\n<td width=\"78\">\n<p align=\"center\"><span lang=\"EN-US\">8<\/span><\/p>\n<\/td>\n<td width=\"78\">\n<p align=\"center\"><span lang=\"EN-US\">16<\/span><\/p>\n<\/td>\n<\/tr>\n<tr>\n<td width=\"208\"><strong><span lang=\"EN-US\">Plage de longueur d&#039;onde de fonctionnement (nm)<\/span><\/strong><\/td>\n<td colspan=\"5\" width=\"392\">\n<p align=\"center\">1525~1565<\/p>\n<\/td>\n<\/tr>\n<tr>\n<td width=\"208\"><strong><span lang=\"EN-US\">Longueur d&#039;onde centrale du canal (nm)<\/span><\/strong><\/td>\n<td colspan=\"5\" width=\"392\">\n<p align=\"center\"><span lang=\"EN-US\">Grille UIT-T<\/span><\/p>\n<\/td>\n<\/tr>\n<tr>\n<td width=\"208\"><strong><span lang=\"EN-US\">Espacement des canaux(nm)<\/span><\/strong><\/td>\n<td colspan=\"5\" width=\"392\">\n<p align=\"center\">0,8\u00a0nm (100\u00a0GHz)<\/p>\n<\/td>\n<\/tr>\n<tr>\n<td width=\"208\"><strong><span lang=\"EN-US\">Perte d&#039;insertion de canal (dB)<\/span><\/strong><\/td>\n<td width=\"78\">\n<p align=\"center\"><span lang=\"EN-US\">\u22640.8<\/span><\/p>\n<\/td>\n<td width=\"78\">\n<p align=\"center\"><span lang=\"EN-US\">\u22641.2<\/span><\/p>\n<\/td>\n<td width=\"78\">\n<p align=\"center\"><span lang=\"EN-US\">\u22641.8<\/span><\/p>\n<\/td>\n<td width=\"78\">\n<p align=\"center\"><span lang=\"EN-US\">\u22642.6<\/span><\/p>\n<\/td>\n<td width=\"78\">\n<p align=\"center\"><span lang=\"EN-US\">\u22644.5<\/span><\/p>\n<\/td>\n<\/tr>\n<tr>\n<td width=\"208\"><strong><span lang=\"EN-US\">Perte d&#039;insertion du canal d&#039;entr\u00e9e\/sortie (dB)<\/span><\/strong><\/td>\n<td width=\"78\">\n<p align=\"center\"><span lang=\"EN-US\">\u22640.8<\/span><\/p>\n<\/td>\n<td width=\"78\">\n<p align=\"center\"><span lang=\"EN-US\">\u22641.2<\/span><\/p>\n<\/td>\n<td width=\"78\">\n<p align=\"center\"><span lang=\"EN-US\">\u22641.8<\/span><\/p>\n<\/td>\n<td width=\"78\">\n<p align=\"center\"><span lang=\"EN-US\">\u22642.6<\/span><\/p>\n<\/td>\n<td width=\"78\">\n<p align=\"center\"><span lang=\"EN-US\">\u22644.5<\/span><\/p>\n<\/td>\n<\/tr>\n<tr>\n<td width=\"208\"><strong><span lang=\"EN-US\">Bande passante du canal(nm)<\/span><\/strong><\/td>\n<td colspan=\"5\" width=\"392\">\n<p align=\"center\">UIT\u00b10.11<\/p>\n<\/td>\n<\/tr>\n<tr>\n<td width=\"208\"><strong><span lang=\"EN-US\">Plan\u00e9it\u00e9(dB)<\/span><\/strong><\/td>\n<td colspan=\"5\" width=\"392\">\n<p align=\"center\"><span lang=\"EN-US\">\u22640.5<\/span><\/p>\n<\/td>\n<\/tr>\n<tr>\n<td width=\"208\"><strong><span lang=\"EN-US\">Isolation du canal adjacent (dB)<\/span><\/strong><\/td>\n<td colspan=\"5\" width=\"392\">\n<p align=\"center\"><span lang=\"EN-US\">\u226530<\/span><\/p>\n<\/td>\n<\/tr>\n<tr>\n<td width=\"208\"><strong><span lang=\"EN-US\">Isolation des canaux non adjacents (dB)<\/span><\/strong><\/td>\n<td colspan=\"5\" width=\"392\">\n<p align=\"center\"><span lang=\"EN-US\">\u226540<\/span><\/p>\n<\/td>\n<\/tr>\n<tr>\n<td width=\"208\"><strong><span lang=\"EN-US\">Perte de retour (dB)<\/span><\/strong><\/td>\n<td colspan=\"5\" width=\"392\">\n<p align=\"center\"><span lang=\"EN-US\">\u226550<\/span><\/p>\n<\/td>\n<\/tr>\n<tr>\n<td width=\"208\"><strong><span lang=\"EN-US\">Directionnalit\u00e9(dB)<\/span><\/strong><\/td>\n<td colspan=\"5\" width=\"392\">\n<p align=\"center\"><span lang=\"EN-US\">\u226555<\/span><\/p>\n<\/td>\n<\/tr>\n<tr>\n<td width=\"208\"><strong><span lang=\"EN-US\">PRL(dB)<\/span><\/strong><\/td>\n<td colspan=\"5\" width=\"392\">\n<p align=\"center\"><span lang=\"EN-US\">\u22640.2<\/span><\/p>\n<\/td>\n<\/tr>\n<tr>\n<td width=\"208\"><strong><span lang=\"EN-US\">PDL(ps)<\/span><\/strong><\/td>\n<td colspan=\"5\" width=\"392\">\n<p align=\"center\"><span lang=\"EN-US\">\u22640.2<\/span><\/p>\n<\/td>\n<\/tr>\n<tr>\n<td width=\"208\"><strong><span lang=\"EN-US\">Puissance optique(dB)<\/span><\/strong><\/td>\n<td colspan=\"5\" width=\"392\">\n<p align=\"center\"><span lang=\"EN-US\">\u2264500<\/span><\/p>\n<\/td>\n<\/tr>\n<tr>\n<td width=\"208\"><strong><span lang=\"EN-US\">Temp\u00e9rature de fonctionnement(<\/span><\/strong><span lang=\"EN-US\">\u00b0C<strong>)<\/strong><\/span><\/td>\n<td colspan=\"5\" width=\"392\">\n<p align=\"center\"><span lang=\"EN-US\">0~+70<\/span><\/p>\n<\/td>\n<\/tr>\n<tr>\n<td width=\"208\"><strong><span lang=\"EN-US\">Temp\u00e9rature de stockage(<\/span><\/strong><span lang=\"EN-US\">\u00b0C<strong>)<\/strong><\/span><\/td>\n<td colspan=\"5\" width=\"392\">\n<p align=\"center\"><span lang=\"EN-US\">-40 ~+85<\/span><\/p>\n<\/td>\n<\/tr>\n<tr>\n<td width=\"208\"><strong><span lang=\"EN-US\">Type d&#039;emballage<\/span><\/strong><\/td>\n<td colspan=\"5\" valign=\"top\" width=\"392\">\n<p align=\"center\"><span lang=\"EN-US\">Bo\u00eete en ABS<\/span>\u3001<span lang=\"EN-US\">Bo\u00eete standard LGX<\/span>\u3001<span lang=\"EN-US\">Ch\u00e2ssis 19&#039; standard 1U<\/span><\/p>\n<\/td>\n<\/tr>\n<\/tbody>\n<\/table>\n<p>Veuillez t\u00e9l\u00e9charger la sp\u00e9cification \u00e0 partir du <a href=\"https:\/\/key2optics.com\/fr\/telecharger\/\">lien<\/a><\/p>\n<p>&nbsp;<\/p>\n<p>&nbsp;<\/p>","protected":false},"excerpt":{"rendered":"<p>Key2 Optics Passive CWDM MUX\/DEMUX peut transmettre simultan\u00e9ment plusieurs signaux sur une seule fibre, chaque canal est transmis par une longueur d&#039;onde de lumi\u00e8re sp\u00e9cifique. Le CWDM passif ne n\u00e9cessite pas d&#039;alimentation. Diff\u00e9rents signaux sont collect\u00e9s par diff\u00e9rentes longueurs d&#039;onde vers le CWDM MUX passif, puis combin\u00e9s pour transmettre via une seule fibre vers CWDM DMUX.<\/p>\n<p>Installation simple et solution WDM \u00e9conomique pour centre de donn\u00e9es.<\/p>","protected":false},"featured_media":5470,"comment_status":"closed","ping_status":"closed","template":"","meta":{"content-type":"","_themeisle_gutenberg_block_has_review":false},"product_cat":[71],"product_tag":[181],"aioseo_notices":[],"_links":{"self":[{"href":"https:\/\/key2optics.com\/fr\/wp-json\/wp\/v2\/product\/5463"}],"collection":[{"href":"https:\/\/key2optics.com\/fr\/wp-json\/wp\/v2\/product"}],"about":[{"href":"https:\/\/key2optics.com\/fr\/wp-json\/wp\/v2\/types\/product"}],"replies":[{"embeddable":true,"href":"https:\/\/key2optics.com\/fr\/wp-json\/wp\/v2\/comments?post=5463"}],"wp:featuredmedia":[{"embeddable":true,"href":"https:\/\/key2optics.com\/fr\/wp-json\/wp\/v2\/media\/5470"}],"wp:attachment":[{"href":"https:\/\/key2optics.com\/fr\/wp-json\/wp\/v2\/media?parent=5463"}],"wp:term":[{"taxonomy":"product_cat","embeddable":true,"href":"https:\/\/key2optics.com\/fr\/wp-json\/wp\/v2\/product_cat?post=5463"},{"taxonomy":"product_tag","embeddable":true,"href":"https:\/\/key2optics.com\/fr\/wp-json\/wp\/v2\/product_tag?post=5463"}],"curies":[{"name":"wp","href":"https:\/\/api.w.org\/{rel}","templated":true}]}}